{"id":11122,"date":"2024-10-24T16:21:03","date_gmt":"2024-10-24T14:21:03","guid":{"rendered":"https:\/\/whs.lu\/product\/kwts-4785-f-125-gala-armoire-de-mise-en-temperature-des-vins-noir-obsidienne\/"},"modified":"2025-06-23T17:55:56","modified_gmt":"2025-06-23T15:55:56","slug":"kwts-4785-f-125-gala-armoire-de-mise-en-temperature-des-vins-noir-obsidienne","status":"publish","type":"product","link":"https:\/\/whs.lu\/fr\/product\/kwts-4785-f-125-gala-armoire-de-mise-en-temperature-des-vins-noir-obsidienne\/","title":{"rendered":"KWTS 4785 F 125 Gala Armoire de mise en temp\u00e9rature des vins noir obsidienne"},"content":{"rendered":"","protected":false},"excerpt":{"rendered":"<ul>\n<li>Pr\u00e9sentation \u00e9l\u00e9gante de vos vins pr\u00e9f\u00e9r\u00e9s gr\u00e2ce \u00e0 PresenterFrame<\/li>\n<li>Temp\u00e9rature optimale de consommation et de stockage gr\u00e2ce \u00e0 des zones de temp\u00e9rature s\u00e9par\u00e9es<\/li>\n<li>Une mise en r\u00e9seau intelligente pour plus de possibilit\u00e9s &#8211; Miele@home<\/li>\n<li>R\u00e9gulation optimale de l&rsquo;humidit\u00e9 avec ActiveHumidity<\/li>\n<li>Protection optimale du vin gr\u00e2ce \u00e0 un verre isolant r\u00e9sistant aux UV<\/li>\n<li>Fermeture amortie de la porte gr\u00e2ce \u00e0 SoftClose<\/li>\n<li>Classe d&rsquo;efficacit\u00e9 \u00e9nerg\u00e9tique F<\/li>\n<li>Hauteur de l&rsquo;appareil 185cm<\/li>\n<\/ul>\n","protected":false},"featured_media":8841,"comment_status":"open","ping_status":"closed","template":"","meta":{"_et_pb_use_builder":"","_et_pb_old_content":"","_et_gb_content_width":"","inline_featured_image":false},"product_brand":[],"product_cat":[80,83],"product_tag":[],"class_list":{"0":"post-11122","1":"product","2":"type-product","3":"status-publish","4":"has-post-thumbnail","6":"product_cat-miele-fr","7":"product_cat-miele_refrigerateurs-congelateurs","9":"first","10":"instock","11":"taxable","12":"shipping-taxable","13":"purchasable","14":"product-type-simple"},"_links":{"self":[{"href":"https:\/\/whs.lu\/fr\/wp-json\/wp\/v2\/product\/11122","targetHints":{"allow":["GET"]}}],"collection":[{"href":"https:\/\/whs.lu\/fr\/wp-json\/wp\/v2\/product"}],"about":[{"href":"https:\/\/whs.lu\/fr\/wp-json\/wp\/v2\/types\/product"}],"replies":[{"embeddable":true,"href":"https:\/\/whs.lu\/fr\/wp-json\/wp\/v2\/comments?post=11122"}],"wp:featuredmedia":[{"embeddable":true,"href":"https:\/\/whs.lu\/fr\/wp-json\/wp\/v2\/media\/8841"}],"wp:attachment":[{"href":"https:\/\/whs.lu\/fr\/wp-json\/wp\/v2\/media?parent=11122"}],"wp:term":[{"taxonomy":"product_brand","embeddable":true,"href":"https:\/\/whs.lu\/fr\/wp-json\/wp\/v2\/product_brand?post=11122"},{"taxonomy":"product_cat","embeddable":true,"href":"https:\/\/whs.lu\/fr\/wp-json\/wp\/v2\/product_cat?post=11122"},{"taxonomy":"product_tag","embeddable":true,"href":"https:\/\/whs.lu\/fr\/wp-json\/wp\/v2\/product_tag?post=11122"}],"curies":[{"name":"wp","href":"https:\/\/api.w.org\/{rel}","templated":true}]}}