{"id":11123,"date":"2024-10-23T14:22:24","date_gmt":"2024-10-23T12:22:24","guid":{"rendered":"https:\/\/whs.lu\/product\/kdn-4074-e-active-blanc-avec-nofrost\/"},"modified":"2024-10-23T14:22:24","modified_gmt":"2024-10-23T12:22:24","slug":"kdn-4074-e-active-blanc-avec-nofrost","status":"publish","type":"product","link":"https:\/\/whs.lu\/fr\/product\/kdn-4074-e-active-blanc-avec-nofrost\/","title":{"rendered":"KDN 4074 E Active Blanc avec NoFrost"},"content":{"rendered":"","protected":false},"excerpt":{"rendered":"<ul>\n<li>Pas de givrage des aliments congel\u00e9s &#8211; plus jamais de d\u00e9givrage gr\u00e2ce \u00e0 NoFrost<\/li>\n<li>Design sans poign\u00e9e gr\u00e2ce \u00e0 une poign\u00e9e encastr\u00e9e int\u00e9gr\u00e9e<\/li>\n<li>Agrandissement flexible de l&rsquo;espace de cong\u00e9lation &#8211; VarioRoom<\/li>\n<li>R\u00e9frig\u00e9rer rapidement les aliments gr\u00e2ce au syst\u00e8me automatique SuperR\u00e9frig\u00e9rer<\/li>\n<li>Tiroir spacieux pour les fruits et l\u00e9gumes &#8211; VeggieBox<\/li>\n<li>Classe d&rsquo;efficacit\u00e9 \u00e9nerg\u00e9tique E<\/li>\n<li>Hauteur de l&rsquo;appareil 186cm<\/li>\n<\/ul>\n","protected":false},"featured_media":8724,"comment_status":"open","ping_status":"closed","template":"","meta":{"_et_pb_use_builder":"","_et_pb_old_content":"","_et_gb_content_width":"","inline_featured_image":false},"product_brand":[],"product_cat":[80,83],"product_tag":[],"class_list":{"0":"post-11123","1":"product","2":"type-product","3":"status-publish","4":"has-post-thumbnail","6":"product_cat-miele-fr","7":"product_cat-miele_refrigerateurs-congelateurs","9":"first","10":"instock","11":"taxable","12":"shipping-taxable","13":"purchasable","14":"product-type-simple"},"_links":{"self":[{"href":"https:\/\/whs.lu\/fr\/wp-json\/wp\/v2\/product\/11123","targetHints":{"allow":["GET"]}}],"collection":[{"href":"https:\/\/whs.lu\/fr\/wp-json\/wp\/v2\/product"}],"about":[{"href":"https:\/\/whs.lu\/fr\/wp-json\/wp\/v2\/types\/product"}],"replies":[{"embeddable":true,"href":"https:\/\/whs.lu\/fr\/wp-json\/wp\/v2\/comments?post=11123"}],"wp:featuredmedia":[{"embeddable":true,"href":"https:\/\/whs.lu\/fr\/wp-json\/wp\/v2\/media\/8724"}],"wp:attachment":[{"href":"https:\/\/whs.lu\/fr\/wp-json\/wp\/v2\/media?parent=11123"}],"wp:term":[{"taxonomy":"product_brand","embeddable":true,"href":"https:\/\/whs.lu\/fr\/wp-json\/wp\/v2\/product_brand?post=11123"},{"taxonomy":"product_cat","embeddable":true,"href":"https:\/\/whs.lu\/fr\/wp-json\/wp\/v2\/product_cat?post=11123"},{"taxonomy":"product_tag","embeddable":true,"href":"https:\/\/whs.lu\/fr\/wp-json\/wp\/v2\/product_tag?post=11123"}],"curies":[{"name":"wp","href":"https:\/\/api.w.org\/{rel}","templated":true}]}}