{"id":11124,"date":"2024-10-23T13:39:10","date_gmt":"2024-10-23T11:39:10","guid":{"rendered":"https:\/\/whs.lu\/product\/cm-5510-125-edition-noir-obsidienne-mat\/"},"modified":"2024-10-23T13:39:10","modified_gmt":"2024-10-23T11:39:10","slug":"cm-5510-125-edition-noir-obsidienne-mat","status":"publish","type":"product","link":"https:\/\/whs.lu\/fr\/product\/cm-5510-125-edition-noir-obsidienne-mat\/","title":{"rendered":"CM 5510 125 Edition Noir Obsidienne Mat"},"content":{"rendered":"","protected":false},"excerpt":{"rendered":"<ul>\n<li>Pr\u00e9paration simultan\u00e9e d&rsquo;une simple pression sur un bouton &#8211; OneTouch for Two<\/li>\n<li>Des r\u00e9sultats parfaits et un ar\u00f4me de caf\u00e9 intense &#8211; AromaticSystem<\/li>\n<li>Une mousse de lait cr\u00e9meuse pour de multiples sp\u00e9cialit\u00e9s de caf\u00e9<\/li>\n<li>Un nettoyage confortable pour l&rsquo;entretien et la pr\u00e9servation &#8211; Programmes de nettoyage<\/li>\n<li>Accueillir confortablement &#8211; Pour les grandes quantit\u00e9s &#8211; Fonction pichet<\/li>\n<\/ul>\n","protected":false},"featured_media":8717,"comment_status":"open","ping_status":"closed","template":"","meta":{"_et_pb_use_builder":"","_et_pb_old_content":"","_et_gb_content_width":"","inline_featured_image":false},"product_brand":[],"product_cat":[81,80],"product_tag":[],"class_list":{"0":"post-11124","1":"product","2":"type-product","3":"status-publish","4":"has-post-thumbnail","6":"product_cat-miele_machines-a-cafe-automatiques","7":"product_cat-miele-fr","9":"first","10":"instock","11":"taxable","12":"shipping-taxable","13":"purchasable","14":"product-type-simple"},"_links":{"self":[{"href":"https:\/\/whs.lu\/fr\/wp-json\/wp\/v2\/product\/11124","targetHints":{"allow":["GET"]}}],"collection":[{"href":"https:\/\/whs.lu\/fr\/wp-json\/wp\/v2\/product"}],"about":[{"href":"https:\/\/whs.lu\/fr\/wp-json\/wp\/v2\/types\/product"}],"replies":[{"embeddable":true,"href":"https:\/\/whs.lu\/fr\/wp-json\/wp\/v2\/comments?post=11124"}],"wp:featuredmedia":[{"embeddable":true,"href":"https:\/\/whs.lu\/fr\/wp-json\/wp\/v2\/media\/8717"}],"wp:attachment":[{"href":"https:\/\/whs.lu\/fr\/wp-json\/wp\/v2\/media?parent=11124"}],"wp:term":[{"taxonomy":"product_brand","embeddable":true,"href":"https:\/\/whs.lu\/fr\/wp-json\/wp\/v2\/product_brand?post=11124"},{"taxonomy":"product_cat","embeddable":true,"href":"https:\/\/whs.lu\/fr\/wp-json\/wp\/v2\/product_cat?post=11124"},{"taxonomy":"product_tag","embeddable":true,"href":"https:\/\/whs.lu\/fr\/wp-json\/wp\/v2\/product_tag?post=11124"}],"curies":[{"name":"wp","href":"https:\/\/api.w.org\/{rel}","templated":true}]}}