{"id":11126,"date":"2024-10-23T13:26:18","date_gmt":"2024-10-23T11:26:18","guid":{"rendered":"https:\/\/whs.lu\/product\/cm-7550-coffeepassion-noir-obsidienne\/"},"modified":"2024-10-23T13:26:18","modified_gmt":"2024-10-23T11:26:18","slug":"cm-7550-coffeepassion-noir-obsidienne","status":"publish","type":"product","link":"https:\/\/whs.lu\/fr\/product\/cm-7550-coffeepassion-noir-obsidienne\/","title":{"rendered":"CM 7550 CoffeePassion Noir obsidienne"},"content":{"rendered":"","protected":false},"excerpt":{"rendered":"<ul>\n<li>Pr\u00e9paration simultan\u00e9e d&rsquo;une simple pression sur un bouton &#8211; OneTouch for Two<\/li>\n<li>D\u00e9tartrage enti\u00e8rement automatique &#8211; AutoDescale pour une utilisation tr\u00e8s simple<\/li>\n<li>Des r\u00e9sultats parfaits et un ar\u00f4me de caf\u00e9 intense &#8211; AromaticSystem<\/li>\n<li>Une mousse de lait onctueuse pour les sp\u00e9cialit\u00e9s de caf\u00e9 &#8211; Cappuccinatore<\/li>\n<li>Communication tr\u00e8s simple avec l&rsquo;appareil &#8211; Miele@home<\/li>\n<\/ul>\n","protected":false},"featured_media":7188,"comment_status":"open","ping_status":"closed","template":"","meta":{"_et_pb_use_builder":"","_et_pb_old_content":"","_et_gb_content_width":"","inline_featured_image":false},"product_brand":[],"product_cat":[81,80],"product_tag":[],"class_list":{"0":"post-11126","1":"product","2":"type-product","3":"status-publish","4":"has-post-thumbnail","6":"product_cat-miele_machines-a-cafe-automatiques","7":"product_cat-miele-fr","9":"first","10":"instock","11":"taxable","12":"shipping-taxable","13":"purchasable","14":"product-type-simple"},"_links":{"self":[{"href":"https:\/\/whs.lu\/fr\/wp-json\/wp\/v2\/product\/11126","targetHints":{"allow":["GET"]}}],"collection":[{"href":"https:\/\/whs.lu\/fr\/wp-json\/wp\/v2\/product"}],"about":[{"href":"https:\/\/whs.lu\/fr\/wp-json\/wp\/v2\/types\/product"}],"replies":[{"embeddable":true,"href":"https:\/\/whs.lu\/fr\/wp-json\/wp\/v2\/comments?post=11126"}],"wp:featuredmedia":[{"embeddable":true,"href":"https:\/\/whs.lu\/fr\/wp-json\/wp\/v2\/media\/7188"}],"wp:attachment":[{"href":"https:\/\/whs.lu\/fr\/wp-json\/wp\/v2\/media?parent=11126"}],"wp:term":[{"taxonomy":"product_brand","embeddable":true,"href":"https:\/\/whs.lu\/fr\/wp-json\/wp\/v2\/product_brand?post=11126"},{"taxonomy":"product_cat","embeddable":true,"href":"https:\/\/whs.lu\/fr\/wp-json\/wp\/v2\/product_cat?post=11126"},{"taxonomy":"product_tag","embeddable":true,"href":"https:\/\/whs.lu\/fr\/wp-json\/wp\/v2\/product_tag?post=11126"}],"curies":[{"name":"wp","href":"https:\/\/api.w.org\/{rel}","templated":true}]}}