{"id":11127,"date":"2024-10-23T13:38:37","date_gmt":"2024-10-23T11:38:37","guid":{"rendered":"https:\/\/whs.lu\/product\/boost-cx1-active-gris-graphite\/"},"modified":"2024-10-23T13:38:37","modified_gmt":"2024-10-23T11:38:37","slug":"boost-cx1-active-gris-graphite","status":"publish","type":"product","link":"https:\/\/whs.lu\/fr\/product\/boost-cx1-active-gris-graphite\/","title":{"rendered":"Boost CX1 Active Gris graphite"},"content":{"rendered":"","protected":false},"excerpt":{"rendered":"<ul>\n<li>Nettoyage puissant gr\u00e2ce \u00e0 la technologie Vortex<\/li>\n<li>Toujours sur la bonne voie gr\u00e2ce \u00e0 TrackDrive<\/li>\n<li>Retient m\u00eame les plus petites particules &#8211; Filtre Hygiene AirClean<\/li>\n<li>Polyvalent &#8211; Suceur de sol universel<\/li>\n<li>R\u00e9glage de la hauteur particuli\u00e8rement confortable gr\u00e2ce au tube t\u00e9lescopique Comfort<\/li>\n<\/ul>\n","protected":false},"featured_media":8707,"comment_status":"open","ping_status":"closed","template":"","meta":{"_et_pb_use_builder":"","_et_pb_old_content":"","_et_gb_content_width":"","inline_featured_image":false},"product_brand":[],"product_cat":[85,80],"product_tag":[],"class_list":{"0":"post-11127","1":"product","2":"type-product","3":"status-publish","4":"has-post-thumbnail","6":"product_cat-miele_aspirateur","7":"product_cat-miele-fr","9":"first","10":"instock","11":"taxable","12":"shipping-taxable","13":"purchasable","14":"product-type-simple"},"_links":{"self":[{"href":"https:\/\/whs.lu\/fr\/wp-json\/wp\/v2\/product\/11127","targetHints":{"allow":["GET"]}}],"collection":[{"href":"https:\/\/whs.lu\/fr\/wp-json\/wp\/v2\/product"}],"about":[{"href":"https:\/\/whs.lu\/fr\/wp-json\/wp\/v2\/types\/product"}],"replies":[{"embeddable":true,"href":"https:\/\/whs.lu\/fr\/wp-json\/wp\/v2\/comments?post=11127"}],"wp:featuredmedia":[{"embeddable":true,"href":"https:\/\/whs.lu\/fr\/wp-json\/wp\/v2\/media\/8707"}],"wp:attachment":[{"href":"https:\/\/whs.lu\/fr\/wp-json\/wp\/v2\/media?parent=11127"}],"wp:term":[{"taxonomy":"product_brand","embeddable":true,"href":"https:\/\/whs.lu\/fr\/wp-json\/wp\/v2\/product_brand?post=11127"},{"taxonomy":"product_cat","embeddable":true,"href":"https:\/\/whs.lu\/fr\/wp-json\/wp\/v2\/product_cat?post=11127"},{"taxonomy":"product_tag","embeddable":true,"href":"https:\/\/whs.lu\/fr\/wp-json\/wp\/v2\/product_tag?post=11127"}],"curies":[{"name":"wp","href":"https:\/\/api.w.org\/{rel}","templated":true}]}}