{"id":11128,"date":"2024-10-23T13:38:48","date_gmt":"2024-10-23T11:38:48","guid":{"rendered":"https:\/\/whs.lu\/product\/complete-c3-bleu-marine-125-edition\/"},"modified":"2025-01-26T00:01:45","modified_gmt":"2025-01-25T23:01:45","slug":"complete-c3-bleu-marine-125-edition","status":"publish","type":"product","link":"https:\/\/whs.lu\/fr\/product\/complete-c3-bleu-marine-125-edition\/","title":{"rendered":"Complete C3 Bleu marine 125 Edition"},"content":{"rendered":"","protected":false},"excerpt":{"rendered":"<ul>\n<li>Polyvalent &#8211; Suceur de sol universel<\/li>\n<li>Un rayon d&rsquo;action de 12 m pour aspirer sans effort de grandes surfaces<\/li>\n<li>R\u00e9glage de la hauteur particuli\u00e8rement confortable gr\u00e2ce au tube t\u00e9lescopique Comfort<\/li>\n<li>Moteur Power Efficiency \u00e0 rendement am\u00e9lior\u00e9<\/li>\n<li>Confortable et polyvalent avec accessoires int\u00e9gr\u00e9s en trois parties<\/li>\n<\/ul>\n","protected":false},"featured_media":8710,"comment_status":"open","ping_status":"closed","template":"","meta":{"_et_pb_use_builder":"","_et_pb_old_content":"","_et_gb_content_width":"","inline_featured_image":false},"product_brand":[],"product_cat":[85,80],"product_tag":[],"class_list":{"0":"post-11128","1":"product","2":"type-product","3":"status-publish","4":"has-post-thumbnail","6":"product_cat-miele_aspirateur","7":"product_cat-miele-fr","9":"first","10":"instock","11":"taxable","12":"shipping-taxable","13":"purchasable","14":"product-type-simple"},"_links":{"self":[{"href":"https:\/\/whs.lu\/fr\/wp-json\/wp\/v2\/product\/11128","targetHints":{"allow":["GET"]}}],"collection":[{"href":"https:\/\/whs.lu\/fr\/wp-json\/wp\/v2\/product"}],"about":[{"href":"https:\/\/whs.lu\/fr\/wp-json\/wp\/v2\/types\/product"}],"replies":[{"embeddable":true,"href":"https:\/\/whs.lu\/fr\/wp-json\/wp\/v2\/comments?post=11128"}],"wp:featuredmedia":[{"embeddable":true,"href":"https:\/\/whs.lu\/fr\/wp-json\/wp\/v2\/media\/8710"}],"wp:attachment":[{"href":"https:\/\/whs.lu\/fr\/wp-json\/wp\/v2\/media?parent=11128"}],"wp:term":[{"taxonomy":"product_brand","embeddable":true,"href":"https:\/\/whs.lu\/fr\/wp-json\/wp\/v2\/product_brand?post=11128"},{"taxonomy":"product_cat","embeddable":true,"href":"https:\/\/whs.lu\/fr\/wp-json\/wp\/v2\/product_cat?post=11128"},{"taxonomy":"product_tag","embeddable":true,"href":"https:\/\/whs.lu\/fr\/wp-json\/wp\/v2\/product_tag?post=11128"}],"curies":[{"name":"wp","href":"https:\/\/api.w.org\/{rel}","templated":true}]}}