{"id":11130,"date":"2024-10-23T13:37:07","date_gmt":"2024-10-23T11:37:07","guid":{"rendered":"https:\/\/whs.lu\/product\/triflex-hx1-facelift-active\/"},"modified":"2024-10-23T13:37:07","modified_gmt":"2024-10-23T11:37:07","slug":"triflex-hx1-facelift-active","status":"publish","type":"product","link":"https:\/\/whs.lu\/fr\/product\/triflex-hx1-facelift-active\/","title":{"rendered":"Triflex HX1 Facelift Active"},"content":{"rendered":"<p>&nbsp;<\/p>\n<p>&nbsp;<\/p>\n","protected":false},"excerpt":{"rendered":"<ul>\n<li>Conception 3en1 pour une flexibilit\u00e9 exceptionnelle<\/li>\n<li>Jusqu&rsquo;\u00e0 60 minutes d&rsquo;autonomie* avec une seule charge<\/li>\n<li>Aussi puissant qu&rsquo;un aspirateur Miele classique<\/li>\n<li>Filtre Hygiene Lifetime avec &gt;99,99% de r\u00e9tention de poussi\u00e8re<\/li>\n<li>Large \u00e9lectrobrosse avec d\u00e9tection automatique du rev\u00eatement de sol<\/li>\n<\/ul>\n","protected":false},"featured_media":8697,"comment_status":"open","ping_status":"closed","template":"","meta":{"_et_pb_use_builder":"","_et_pb_old_content":"","_et_gb_content_width":"","inline_featured_image":false},"product_brand":[],"product_cat":[85,80],"product_tag":[],"class_list":{"0":"post-11130","1":"product","2":"type-product","3":"status-publish","4":"has-post-thumbnail","6":"product_cat-miele_aspirateur","7":"product_cat-miele-fr","9":"first","10":"instock","11":"taxable","12":"shipping-taxable","13":"purchasable","14":"product-type-simple"},"_links":{"self":[{"href":"https:\/\/whs.lu\/fr\/wp-json\/wp\/v2\/product\/11130","targetHints":{"allow":["GET"]}}],"collection":[{"href":"https:\/\/whs.lu\/fr\/wp-json\/wp\/v2\/product"}],"about":[{"href":"https:\/\/whs.lu\/fr\/wp-json\/wp\/v2\/types\/product"}],"replies":[{"embeddable":true,"href":"https:\/\/whs.lu\/fr\/wp-json\/wp\/v2\/comments?post=11130"}],"wp:featuredmedia":[{"embeddable":true,"href":"https:\/\/whs.lu\/fr\/wp-json\/wp\/v2\/media\/8697"}],"wp:attachment":[{"href":"https:\/\/whs.lu\/fr\/wp-json\/wp\/v2\/media?parent=11130"}],"wp:term":[{"taxonomy":"product_brand","embeddable":true,"href":"https:\/\/whs.lu\/fr\/wp-json\/wp\/v2\/product_brand?post=11130"},{"taxonomy":"product_cat","embeddable":true,"href":"https:\/\/whs.lu\/fr\/wp-json\/wp\/v2\/product_cat?post=11130"},{"taxonomy":"product_tag","embeddable":true,"href":"https:\/\/whs.lu\/fr\/wp-json\/wp\/v2\/product_tag?post=11130"}],"curies":[{"name":"wp","href":"https:\/\/api.w.org\/{rel}","templated":true}]}}