{"id":11131,"date":"2024-10-23T13:37:20","date_gmt":"2024-10-23T11:37:20","guid":{"rendered":"https:\/\/whs.lu\/product\/duoflex-hx1-bleu-nordique\/"},"modified":"2024-10-23T13:37:20","modified_gmt":"2024-10-23T11:37:20","slug":"duoflex-hx1-bleu-nordique","status":"publish","type":"product","link":"https:\/\/whs.lu\/fr\/product\/duoflex-hx1-bleu-nordique\/","title":{"rendered":"Duoflex HX1 bleu nordique"},"content":{"rendered":"<p>&nbsp;<\/p>\n<p>&nbsp;<\/p>\n","protected":false},"excerpt":{"rendered":"<ul>\n<li>Batterie Li-Ion : jusqu&rsquo;\u00e0 55 minutes d&rsquo;autonomie avec une seule charge<\/li>\n<li>Aussi performant qu&rsquo;un aspirateur Miele standard<\/li>\n<li>L\u00e9ger et compact : 3,1kg \/ r\u00e9servoir de poussi\u00e8re de 0,3l<\/li>\n<li>Brosse \u00e9lectrique intelligente avec adaptation automatique de la puissance<\/li>\n<li>99,99%*** Capacit\u00e9 de r\u00e9tention de la poussi\u00e8re gr\u00e2ce au filtre hygi\u00e9nique<\/li>\n<\/ul>\n","protected":false},"featured_media":8701,"comment_status":"open","ping_status":"closed","template":"","meta":{"_et_pb_use_builder":"","_et_pb_old_content":"","_et_gb_content_width":"","inline_featured_image":false},"product_brand":[],"product_cat":[85,80],"product_tag":[],"class_list":{"0":"post-11131","1":"product","2":"type-product","3":"status-publish","4":"has-post-thumbnail","6":"product_cat-miele_aspirateur","7":"product_cat-miele-fr","9":"first","10":"instock","11":"taxable","12":"shipping-taxable","13":"purchasable","14":"product-type-simple"},"_links":{"self":[{"href":"https:\/\/whs.lu\/fr\/wp-json\/wp\/v2\/product\/11131","targetHints":{"allow":["GET"]}}],"collection":[{"href":"https:\/\/whs.lu\/fr\/wp-json\/wp\/v2\/product"}],"about":[{"href":"https:\/\/whs.lu\/fr\/wp-json\/wp\/v2\/types\/product"}],"replies":[{"embeddable":true,"href":"https:\/\/whs.lu\/fr\/wp-json\/wp\/v2\/comments?post=11131"}],"wp:featuredmedia":[{"embeddable":true,"href":"https:\/\/whs.lu\/fr\/wp-json\/wp\/v2\/media\/8701"}],"wp:attachment":[{"href":"https:\/\/whs.lu\/fr\/wp-json\/wp\/v2\/media?parent=11131"}],"wp:term":[{"taxonomy":"product_brand","embeddable":true,"href":"https:\/\/whs.lu\/fr\/wp-json\/wp\/v2\/product_brand?post=11131"},{"taxonomy":"product_cat","embeddable":true,"href":"https:\/\/whs.lu\/fr\/wp-json\/wp\/v2\/product_cat?post=11131"},{"taxonomy":"product_tag","embeddable":true,"href":"https:\/\/whs.lu\/fr\/wp-json\/wp\/v2\/product_tag?post=11131"}],"curies":[{"name":"wp","href":"https:\/\/api.w.org\/{rel}","templated":true}]}}