{"id":11132,"date":"2024-10-23T13:38:22","date_gmt":"2024-10-23T11:38:22","guid":{"rendered":"https:\/\/whs.lu\/product\/boost-cx1-cat-dog-powerline-noir-obsidienne\/"},"modified":"2024-10-23T13:38:22","modified_gmt":"2024-10-23T11:38:22","slug":"boost-cx1-cat-dog-powerline-noir-obsidienne","status":"publish","type":"product","link":"https:\/\/whs.lu\/fr\/product\/boost-cx1-cat-dog-powerline-noir-obsidienne\/","title":{"rendered":"Boost CX1 Cat &amp; Dog PowerLine noir obsidienne"},"content":{"rendered":"<p>&nbsp;<\/p>\n<p>&nbsp;<\/p>\n","protected":false},"excerpt":{"rendered":"<ul>\n<li>Nettoyage puissant gr\u00e2ce \u00e0 la technologie Vortex<\/li>\n<li>Toujours sur la bonne voie gr\u00e2ce \u00e0 TrackDrive<\/li>\n<li>Hygi\u00e8ne de l&rsquo;air maximale gr\u00e2ce au filtre HEPA AirClean<\/li>\n<li>avec une turbo-brosse suppl\u00e9mentaire, id\u00e9al pour tous les amoureux des animaux<\/li>\n<li>R\u00e9glage de la hauteur particuli\u00e8rement confortable gr\u00e2ce au tube t\u00e9lescopique Comfort<\/li>\n<\/ul>\n","protected":false},"featured_media":8704,"comment_status":"open","ping_status":"closed","template":"","meta":{"_et_pb_use_builder":"","_et_pb_old_content":"","_et_gb_content_width":"","inline_featured_image":false},"product_brand":[],"product_cat":[85,80],"product_tag":[],"class_list":{"0":"post-11132","1":"product","2":"type-product","3":"status-publish","4":"has-post-thumbnail","6":"product_cat-miele_aspirateur","7":"product_cat-miele-fr","9":"first","10":"instock","11":"taxable","12":"shipping-taxable","13":"purchasable","14":"product-type-simple"},"_links":{"self":[{"href":"https:\/\/whs.lu\/fr\/wp-json\/wp\/v2\/product\/11132","targetHints":{"allow":["GET"]}}],"collection":[{"href":"https:\/\/whs.lu\/fr\/wp-json\/wp\/v2\/product"}],"about":[{"href":"https:\/\/whs.lu\/fr\/wp-json\/wp\/v2\/types\/product"}],"replies":[{"embeddable":true,"href":"https:\/\/whs.lu\/fr\/wp-json\/wp\/v2\/comments?post=11132"}],"wp:featuredmedia":[{"embeddable":true,"href":"https:\/\/whs.lu\/fr\/wp-json\/wp\/v2\/media\/8704"}],"wp:attachment":[{"href":"https:\/\/whs.lu\/fr\/wp-json\/wp\/v2\/media?parent=11132"}],"wp:term":[{"taxonomy":"product_brand","embeddable":true,"href":"https:\/\/whs.lu\/fr\/wp-json\/wp\/v2\/product_brand?post=11132"},{"taxonomy":"product_cat","embeddable":true,"href":"https:\/\/whs.lu\/fr\/wp-json\/wp\/v2\/product_cat?post=11132"},{"taxonomy":"product_tag","embeddable":true,"href":"https:\/\/whs.lu\/fr\/wp-json\/wp\/v2\/product_tag?post=11132"}],"curies":[{"name":"wp","href":"https:\/\/api.w.org\/{rel}","templated":true}]}}