{"id":11135,"date":"2024-10-23T13:36:46","date_gmt":"2024-10-23T11:36:46","guid":{"rendered":"https:\/\/whs.lu\/product\/g-5455-scvi-xxl-active-plus-integral-xxl\/"},"modified":"2024-10-23T13:36:46","modified_gmt":"2024-10-23T11:36:46","slug":"g-5455-scvi-xxl-active-plus-integral-xxl","status":"publish","type":"product","link":"https:\/\/whs.lu\/fr\/product\/g-5455-scvi-xxl-active-plus-integral-xxl\/","title":{"rendered":"G 5455 SCVi XXL Active Plus Int\u00e9gral XXL"},"content":{"rendered":"","protected":false},"excerpt":{"rendered":"<ul>\n<li>R\u00e9sultats de s\u00e9chage optimaux gr\u00e2ce au s\u00e9chage AutoOpen<\/li>\n<li>Les meilleurs r\u00e9sultats en moins d&rsquo;une heure &#8211; QuickPowerWash<\/li>\n<li>Notre miracle d&rsquo;espace &#8211; Le tiroir 3D MultiFlex avec plus de place pour vos couverts<\/li>\n<li>Rin\u00e7age \u00e0 l&rsquo;eau douce &#8211; \u00e0 partir de 6,0 l de consommation d&rsquo;eau en programme Automatic<\/li>\n<li>\u00c9conomisez jusqu&rsquo;\u00e0 50% d&rsquo;\u00e9lectricit\u00e9 gr\u00e2ce au raccordement d&rsquo;eau chaude Miele.<\/li>\n<li>Des paniers flexibles, adapt\u00e9s \u00e0 votre quotidien &#8211; Comfort Paniers<\/li>\n<li>Classe d&rsquo;efficacit\u00e9 \u00e9nerg\u00e9tique B<\/li>\n<li>XXL<\/li>\n<\/ul>\n","protected":false},"featured_media":8693,"comment_status":"open","ping_status":"closed","template":"","meta":{"_et_pb_use_builder":"","_et_pb_old_content":"","_et_gb_content_width":"","inline_featured_image":false},"product_brand":[],"product_cat":[82,80],"product_tag":[],"class_list":{"0":"post-11135","1":"product","2":"type-product","3":"status-publish","4":"has-post-thumbnail","6":"product_cat-miele_cuisine","7":"product_cat-miele-fr","9":"first","10":"instock","11":"taxable","12":"shipping-taxable","13":"purchasable","14":"product-type-simple"},"_links":{"self":[{"href":"https:\/\/whs.lu\/fr\/wp-json\/wp\/v2\/product\/11135","targetHints":{"allow":["GET"]}}],"collection":[{"href":"https:\/\/whs.lu\/fr\/wp-json\/wp\/v2\/product"}],"about":[{"href":"https:\/\/whs.lu\/fr\/wp-json\/wp\/v2\/types\/product"}],"replies":[{"embeddable":true,"href":"https:\/\/whs.lu\/fr\/wp-json\/wp\/v2\/comments?post=11135"}],"wp:featuredmedia":[{"embeddable":true,"href":"https:\/\/whs.lu\/fr\/wp-json\/wp\/v2\/media\/8693"}],"wp:attachment":[{"href":"https:\/\/whs.lu\/fr\/wp-json\/wp\/v2\/media?parent=11135"}],"wp:term":[{"taxonomy":"product_brand","embeddable":true,"href":"https:\/\/whs.lu\/fr\/wp-json\/wp\/v2\/product_brand?post=11135"},{"taxonomy":"product_cat","embeddable":true,"href":"https:\/\/whs.lu\/fr\/wp-json\/wp\/v2\/product_cat?post=11135"},{"taxonomy":"product_tag","embeddable":true,"href":"https:\/\/whs.lu\/fr\/wp-json\/wp\/v2\/product_tag?post=11135"}],"curies":[{"name":"wp","href":"https:\/\/api.w.org\/{rel}","templated":true}]}}