{"id":11136,"date":"2024-10-23T13:32:05","date_gmt":"2024-10-23T11:32:05","guid":{"rendered":"https:\/\/whs.lu\/product\/km-6520-fr-table-de-cuisson-electrique-independante-de-la-cuisiniere\/"},"modified":"2024-10-23T13:32:05","modified_gmt":"2024-10-23T11:32:05","slug":"km-6520-fr-table-de-cuisson-electrique-independante-de-la-cuisiniere","status":"publish","type":"product","link":"https:\/\/whs.lu\/fr\/product\/km-6520-fr-table-de-cuisson-electrique-independante-de-la-cuisiniere\/","title":{"rendered":"KM 6520 FR Table de cuisson \u00e9lectrique ind\u00e9pendante de la cuisini\u00e8re"},"content":{"rendered":"<p>&nbsp;<\/p>\n<p>&nbsp;<\/p>\n","protected":false},"excerpt":{"rendered":"<ul>\n<li>Simplicit\u00e9 d&rsquo;utilisation &#8211; EasySelect<\/li>\n<li>Design attrayant &#8211; 574 mm de large avec cadre p\u00e9riph\u00e9rique<\/li>\n<li>Particuli\u00e8rement flexible &#8211; 4 zones de cuisson dont 1 zone Vario <\/li>\n<li>Confortable &#8211; Automatisme de cuisson pour chaque zone de cuisson<\/li>\n<li>S\u00fbr &#8211; indicateur de chaleur r\u00e9siduelle \u00e0 trois niveaux pour chaque zone de cuisson<\/li>\n<li>Dimensions de la d\u00e9coupe en mm pour un montage en saillie 560&#215;490<\/li>\n<\/ul>\n","protected":false},"featured_media":8674,"comment_status":"open","ping_status":"closed","template":"","meta":{"_et_pb_use_builder":"","_et_pb_old_content":"","_et_gb_content_width":"","inline_featured_image":false},"product_brand":[],"product_cat":[82,80],"product_tag":[],"class_list":{"0":"post-11136","1":"product","2":"type-product","3":"status-publish","4":"has-post-thumbnail","6":"product_cat-miele_cuisine","7":"product_cat-miele-fr","9":"first","10":"instock","11":"taxable","12":"shipping-taxable","13":"purchasable","14":"product-type-simple"},"_links":{"self":[{"href":"https:\/\/whs.lu\/fr\/wp-json\/wp\/v2\/product\/11136","targetHints":{"allow":["GET"]}}],"collection":[{"href":"https:\/\/whs.lu\/fr\/wp-json\/wp\/v2\/product"}],"about":[{"href":"https:\/\/whs.lu\/fr\/wp-json\/wp\/v2\/types\/product"}],"replies":[{"embeddable":true,"href":"https:\/\/whs.lu\/fr\/wp-json\/wp\/v2\/comments?post=11136"}],"wp:featuredmedia":[{"embeddable":true,"href":"https:\/\/whs.lu\/fr\/wp-json\/wp\/v2\/media\/8674"}],"wp:attachment":[{"href":"https:\/\/whs.lu\/fr\/wp-json\/wp\/v2\/media?parent=11136"}],"wp:term":[{"taxonomy":"product_brand","embeddable":true,"href":"https:\/\/whs.lu\/fr\/wp-json\/wp\/v2\/product_brand?post=11136"},{"taxonomy":"product_cat","embeddable":true,"href":"https:\/\/whs.lu\/fr\/wp-json\/wp\/v2\/product_cat?post=11136"},{"taxonomy":"product_tag","embeddable":true,"href":"https:\/\/whs.lu\/fr\/wp-json\/wp\/v2\/product_tag?post=11136"}],"curies":[{"name":"wp","href":"https:\/\/api.w.org\/{rel}","templated":true}]}}