{"id":11137,"date":"2024-10-23T13:32:17","date_gmt":"2024-10-23T11:32:17","guid":{"rendered":"https:\/\/whs.lu\/product\/km-7466-fr-125-edition-table-de-cuisson-a-induction-independante-de-la-cuisiniere\/"},"modified":"2025-06-23T17:55:57","modified_gmt":"2025-06-23T15:55:57","slug":"km-7466-fr-125-edition-table-de-cuisson-a-induction-independante-de-la-cuisiniere","status":"publish","type":"product","link":"https:\/\/whs.lu\/fr\/product\/km-7466-fr-125-edition-table-de-cuisson-a-induction-independante-de-la-cuisiniere\/","title":{"rendered":"KM 7466 FR 125 Edition Table de cuisson \u00e0 induction ind\u00e9pendante de la cuisini\u00e8re"},"content":{"rendered":"","protected":false},"excerpt":{"rendered":"<ul>\n<li>S\u00e9lection rapide par s\u00e9rie de chiffres &#8211; ComfortSelect<\/li>\n<li>4 zones de cuisson dont 1 zone de cuisson PowerFlex puissante <\/li>\n<li>En largeur 626 mm avec cadre en acier inoxydable pour montage en surface<\/li>\n<li>Temps de cuisson tr\u00e8s courts &#8211; TwinBooster<\/li>\n<li>Mise en r\u00e9seau avec Con@ctivity et Miele@home<\/li>\n<li>Dimensions de la d\u00e9coupe en mm pour un montage en saillie 560&#215;490<\/li>\n<\/ul>\n","protected":false},"featured_media":8679,"comment_status":"open","ping_status":"closed","template":"","meta":{"_et_pb_use_builder":"","_et_pb_old_content":"","_et_gb_content_width":"","inline_featured_image":false},"product_brand":[],"product_cat":[82,80],"product_tag":[],"class_list":{"0":"post-11137","1":"product","2":"type-product","3":"status-publish","4":"has-post-thumbnail","6":"product_cat-miele_cuisine","7":"product_cat-miele-fr","9":"first","10":"instock","11":"taxable","12":"shipping-taxable","13":"purchasable","14":"product-type-simple"},"_links":{"self":[{"href":"https:\/\/whs.lu\/fr\/wp-json\/wp\/v2\/product\/11137","targetHints":{"allow":["GET"]}}],"collection":[{"href":"https:\/\/whs.lu\/fr\/wp-json\/wp\/v2\/product"}],"about":[{"href":"https:\/\/whs.lu\/fr\/wp-json\/wp\/v2\/types\/product"}],"replies":[{"embeddable":true,"href":"https:\/\/whs.lu\/fr\/wp-json\/wp\/v2\/comments?post=11137"}],"wp:featuredmedia":[{"embeddable":true,"href":"https:\/\/whs.lu\/fr\/wp-json\/wp\/v2\/media\/8679"}],"wp:attachment":[{"href":"https:\/\/whs.lu\/fr\/wp-json\/wp\/v2\/media?parent=11137"}],"wp:term":[{"taxonomy":"product_brand","embeddable":true,"href":"https:\/\/whs.lu\/fr\/wp-json\/wp\/v2\/product_brand?post=11137"},{"taxonomy":"product_cat","embeddable":true,"href":"https:\/\/whs.lu\/fr\/wp-json\/wp\/v2\/product_cat?post=11137"},{"taxonomy":"product_tag","embeddable":true,"href":"https:\/\/whs.lu\/fr\/wp-json\/wp\/v2\/product_tag?post=11137"}],"curies":[{"name":"wp","href":"https:\/\/api.w.org\/{rel}","templated":true}]}}