{"id":11138,"date":"2024-10-23T13:32:29","date_gmt":"2024-10-23T11:32:29","guid":{"rendered":"https:\/\/whs.lu\/product\/km-7576-fl-125-gala-table-de-cuisson-a-induction-independante-de-la-cuisiniere\/"},"modified":"2025-06-23T17:55:57","modified_gmt":"2025-06-23T15:55:57","slug":"km-7576-fl-125-gala-table-de-cuisson-a-induction-independante-de-la-cuisiniere","status":"publish","type":"product","link":"https:\/\/whs.lu\/fr\/product\/km-7576-fl-125-gala-table-de-cuisson-a-induction-independante-de-la-cuisiniere\/","title":{"rendered":"KM 7576 FL 125 Gala Table de cuisson \u00e0 induction ind\u00e9pendante de la cuisini\u00e8re"},"content":{"rendered":"","protected":false},"excerpt":{"rendered":"<ul>\n<li>Une surface noble pour un design de cuisine unique &#8211; MattFinish<\/li>\n<li>S\u00e9lection rapide et intuitive par s\u00e9ries de chiffres &#8211; Smart Select White<\/li>\n<li>6 zones de cuisson, y compris 3 zones de cuisson PowerFlex puissantes <\/li>\n<li>En largeur 800 mm pour un montage \u00e0 fleur ou en saillie<\/li>\n<li>Mise en r\u00e9seau avec Con@ctivity et Miele@home<\/li>\n<li>Dimensions de la d\u00e9coupe en mm pour un montage en surface 780&#215;500<\/li>\n<\/ul>\n","protected":false},"featured_media":8682,"comment_status":"open","ping_status":"closed","template":"","meta":{"_et_pb_use_builder":"","_et_pb_old_content":"","_et_gb_content_width":"","inline_featured_image":false},"product_brand":[],"product_cat":[82,80],"product_tag":[],"class_list":{"0":"post-11138","1":"product","2":"type-product","3":"status-publish","4":"has-post-thumbnail","6":"product_cat-miele_cuisine","7":"product_cat-miele-fr","9":"first","10":"instock","11":"taxable","12":"shipping-taxable","13":"purchasable","14":"product-type-simple"},"_links":{"self":[{"href":"https:\/\/whs.lu\/fr\/wp-json\/wp\/v2\/product\/11138","targetHints":{"allow":["GET"]}}],"collection":[{"href":"https:\/\/whs.lu\/fr\/wp-json\/wp\/v2\/product"}],"about":[{"href":"https:\/\/whs.lu\/fr\/wp-json\/wp\/v2\/types\/product"}],"replies":[{"embeddable":true,"href":"https:\/\/whs.lu\/fr\/wp-json\/wp\/v2\/comments?post=11138"}],"wp:featuredmedia":[{"embeddable":true,"href":"https:\/\/whs.lu\/fr\/wp-json\/wp\/v2\/media\/8682"}],"wp:attachment":[{"href":"https:\/\/whs.lu\/fr\/wp-json\/wp\/v2\/media?parent=11138"}],"wp:term":[{"taxonomy":"product_brand","embeddable":true,"href":"https:\/\/whs.lu\/fr\/wp-json\/wp\/v2\/product_brand?post=11138"},{"taxonomy":"product_cat","embeddable":true,"href":"https:\/\/whs.lu\/fr\/wp-json\/wp\/v2\/product_cat?post=11138"},{"taxonomy":"product_tag","embeddable":true,"href":"https:\/\/whs.lu\/fr\/wp-json\/wp\/v2\/product_tag?post=11138"}],"curies":[{"name":"wp","href":"https:\/\/api.w.org\/{rel}","templated":true}]}}