{"id":11139,"date":"2024-10-23T13:31:02","date_gmt":"2024-10-23T11:31:02","guid":{"rendered":"https:\/\/whs.lu\/product\/h-7464-bp-four-noir-obsidienne\/"},"modified":"2024-10-23T13:31:02","modified_gmt":"2024-10-23T11:31:02","slug":"h-7464-bp-four-noir-obsidienne","status":"publish","type":"product","link":"https:\/\/whs.lu\/fr\/product\/h-7464-bp-four-noir-obsidienne\/","title":{"rendered":"H 7464 BP Four noir obsidienne"},"content":{"rendered":"","protected":false},"excerpt":{"rendered":"<ul>\n<li>Grand \u00e9cran en texte clair avec commande par capteur &#8211; DirectSensor<\/li>\n<li>Thermom\u00e8tre \u00e0 aliments et \u00e9clairage LED<\/li>\n<li>Nettoyage r\u00e9duit au minimum &#8211; \u00e9quipement pyrolytique et PyroFit<\/li>\n<li>P\u00e2tes particuli\u00e8rement l\u00e9g\u00e8res et cro\u00fbtes dor\u00e9es &#8211; cuisson climatique<\/li>\n<li>Garantit l&rsquo;absence de surcuisson des aliments &#8211; TasteControl<\/li>\n<li>Appareil pouvant \u00eatre mis en r\u00e9seau par WLAN &#8211; Miele@home<\/li>\n<li>Classe d&rsquo;efficacit\u00e9 \u00e9nerg\u00e9tique A+<\/li>\n<li>Hauteur de l&rsquo;appareil 60cm<\/li>\n<\/ul>\n","protected":false},"featured_media":8664,"comment_status":"open","ping_status":"closed","template":"","meta":{"_et_pb_use_builder":"","_et_pb_old_content":"","_et_gb_content_width":"","inline_featured_image":false},"product_brand":[],"product_cat":[82,80],"product_tag":[],"class_list":{"0":"post-11139","1":"product","2":"type-product","3":"status-publish","4":"has-post-thumbnail","6":"product_cat-miele_cuisine","7":"product_cat-miele-fr","9":"first","10":"instock","11":"taxable","12":"shipping-taxable","13":"purchasable","14":"product-type-simple"},"_links":{"self":[{"href":"https:\/\/whs.lu\/fr\/wp-json\/wp\/v2\/product\/11139","targetHints":{"allow":["GET"]}}],"collection":[{"href":"https:\/\/whs.lu\/fr\/wp-json\/wp\/v2\/product"}],"about":[{"href":"https:\/\/whs.lu\/fr\/wp-json\/wp\/v2\/types\/product"}],"replies":[{"embeddable":true,"href":"https:\/\/whs.lu\/fr\/wp-json\/wp\/v2\/comments?post=11139"}],"wp:featuredmedia":[{"embeddable":true,"href":"https:\/\/whs.lu\/fr\/wp-json\/wp\/v2\/media\/8664"}],"wp:attachment":[{"href":"https:\/\/whs.lu\/fr\/wp-json\/wp\/v2\/media?parent=11139"}],"wp:term":[{"taxonomy":"product_brand","embeddable":true,"href":"https:\/\/whs.lu\/fr\/wp-json\/wp\/v2\/product_brand?post=11139"},{"taxonomy":"product_cat","embeddable":true,"href":"https:\/\/whs.lu\/fr\/wp-json\/wp\/v2\/product_cat?post=11139"},{"taxonomy":"product_tag","embeddable":true,"href":"https:\/\/whs.lu\/fr\/wp-json\/wp\/v2\/product_tag?post=11139"}],"curies":[{"name":"wp","href":"https:\/\/api.w.org\/{rel}","templated":true}]}}