{"id":11141,"date":"2024-10-23T13:31:28","date_gmt":"2024-10-23T11:31:28","guid":{"rendered":"https:\/\/whs.lu\/product\/h-2467-bp-active-four-noir-obsidienne\/"},"modified":"2024-10-23T13:31:28","modified_gmt":"2024-10-23T11:31:28","slug":"h-2467-bp-active-four-noir-obsidienne","status":"publish","type":"product","link":"https:\/\/whs.lu\/fr\/product\/h-2467-bp-active-four-noir-obsidienne\/","title":{"rendered":"H 2467 BP ACTIVE Four noir obsidienne"},"content":{"rendered":"","protected":false},"excerpt":{"rendered":"<ul>\n<li>\u00c9cran en texte clair avec boutons de commande &#8211; EasyControl Plus<\/li>\n<li>FlexiClip-extension totale<\/li>\n<li>Nettoyage r\u00e9duit au minimum &#8211; \u00e9quipement pyrolyse<\/li>\n<li>Appareil pouvant \u00eatre mis en r\u00e9seau par WLAN &#8211; Miele@home<\/li>\n<li>Un r\u00e9sultat parfait en toute simplicit\u00e9 &#8211; Programmes automatiques<\/li>\n<li>Pour tout ce qui est croustillant et croquant &#8211; mode AirFry<\/li>\n<li>Classe d&rsquo;efficacit\u00e9 \u00e9nerg\u00e9tique A+<\/li>\n<li>Hauteur de l&rsquo;appareil 60cm<\/li>\n<\/ul>\n","protected":false},"featured_media":8671,"comment_status":"open","ping_status":"closed","template":"","meta":{"_et_pb_use_builder":"","_et_pb_old_content":"","_et_gb_content_width":"","inline_featured_image":false},"product_brand":[],"product_cat":[82,80],"product_tag":[],"class_list":{"0":"post-11141","1":"product","2":"type-product","3":"status-publish","4":"has-post-thumbnail","6":"product_cat-miele_cuisine","7":"product_cat-miele-fr","9":"first","10":"instock","11":"taxable","12":"shipping-taxable","13":"purchasable","14":"product-type-simple"},"_links":{"self":[{"href":"https:\/\/whs.lu\/fr\/wp-json\/wp\/v2\/product\/11141","targetHints":{"allow":["GET"]}}],"collection":[{"href":"https:\/\/whs.lu\/fr\/wp-json\/wp\/v2\/product"}],"about":[{"href":"https:\/\/whs.lu\/fr\/wp-json\/wp\/v2\/types\/product"}],"replies":[{"embeddable":true,"href":"https:\/\/whs.lu\/fr\/wp-json\/wp\/v2\/comments?post=11141"}],"wp:featuredmedia":[{"embeddable":true,"href":"https:\/\/whs.lu\/fr\/wp-json\/wp\/v2\/media\/8671"}],"wp:attachment":[{"href":"https:\/\/whs.lu\/fr\/wp-json\/wp\/v2\/media?parent=11141"}],"wp:term":[{"taxonomy":"product_brand","embeddable":true,"href":"https:\/\/whs.lu\/fr\/wp-json\/wp\/v2\/product_brand?post=11141"},{"taxonomy":"product_cat","embeddable":true,"href":"https:\/\/whs.lu\/fr\/wp-json\/wp\/v2\/product_cat?post=11141"},{"taxonomy":"product_tag","embeddable":true,"href":"https:\/\/whs.lu\/fr\/wp-json\/wp\/v2\/product_tag?post=11141"}],"curies":[{"name":"wp","href":"https:\/\/api.w.org\/{rel}","templated":true}]}}