{"id":11142,"date":"2024-10-23T13:30:41","date_gmt":"2024-10-23T11:30:41","guid":{"rendered":"https:\/\/whs.lu\/product\/fns-7710-e-congelateur-encastrable-avec-nofrost\/"},"modified":"2024-10-23T13:30:41","modified_gmt":"2024-10-23T11:30:41","slug":"fns-7710-e-congelateur-encastrable-avec-nofrost","status":"publish","type":"product","link":"https:\/\/whs.lu\/fr\/product\/fns-7710-e-congelateur-encastrable-avec-nofrost\/","title":{"rendered":"FNS 7710 E Cong\u00e9lateur encastrable avec NoFrost"},"content":{"rendered":"","protected":false},"excerpt":{"rendered":"<ul>\n<li>  Pas de givrage des aliments congel\u00e9s &#8211; plus jamais de d\u00e9givrage gr\u00e2ce \u00e0 NoFrost<\/li>\n<li>  Cong\u00e9lation rapide et en douceur des aliments &#8211; SuperFrost<\/li>\n<li>  Agrandissement flexible de l&rsquo;espace de cong\u00e9lation &#8211; VarioRoom<\/li>\n<li>  Huit tiroirs de cong\u00e9lation pour un grand confort<\/li>\n<li>  Classe d&rsquo;efficacit\u00e9 \u00e9nerg\u00e9tique E<\/li>\n<li>  Hauteur de l&rsquo;appareil 178cm<\/li>\n<li>  Technique de fixation porte fixe<\/li>\n<\/ul>\n","protected":false},"featured_media":8661,"comment_status":"open","ping_status":"closed","template":"","meta":{"_et_pb_use_builder":"","_et_pb_old_content":"","_et_gb_content_width":"","inline_featured_image":false},"product_brand":[],"product_cat":[82,80],"product_tag":[],"class_list":{"0":"post-11142","1":"product","2":"type-product","3":"status-publish","4":"has-post-thumbnail","6":"product_cat-miele_cuisine","7":"product_cat-miele-fr","9":"first","10":"instock","11":"taxable","12":"shipping-taxable","13":"purchasable","14":"product-type-simple"},"_links":{"self":[{"href":"https:\/\/whs.lu\/fr\/wp-json\/wp\/v2\/product\/11142","targetHints":{"allow":["GET"]}}],"collection":[{"href":"https:\/\/whs.lu\/fr\/wp-json\/wp\/v2\/product"}],"about":[{"href":"https:\/\/whs.lu\/fr\/wp-json\/wp\/v2\/types\/product"}],"replies":[{"embeddable":true,"href":"https:\/\/whs.lu\/fr\/wp-json\/wp\/v2\/comments?post=11142"}],"wp:featuredmedia":[{"embeddable":true,"href":"https:\/\/whs.lu\/fr\/wp-json\/wp\/v2\/media\/8661"}],"wp:attachment":[{"href":"https:\/\/whs.lu\/fr\/wp-json\/wp\/v2\/media?parent=11142"}],"wp:term":[{"taxonomy":"product_brand","embeddable":true,"href":"https:\/\/whs.lu\/fr\/wp-json\/wp\/v2\/product_brand?post=11142"},{"taxonomy":"product_cat","embeddable":true,"href":"https:\/\/whs.lu\/fr\/wp-json\/wp\/v2\/product_cat?post=11142"},{"taxonomy":"product_tag","embeddable":true,"href":"https:\/\/whs.lu\/fr\/wp-json\/wp\/v2\/product_tag?post=11142"}],"curies":[{"name":"wp","href":"https:\/\/api.w.org\/{rel}","templated":true}]}}