{"id":11143,"date":"2024-10-23T14:40:40","date_gmt":"2024-10-23T12:40:40","guid":{"rendered":"https:\/\/whs.lu\/product\/k-7348-c-125-gala-refrigerateur-encastrable-avec-perfectfresh-pro\/"},"modified":"2025-06-23T17:55:57","modified_gmt":"2025-06-23T15:55:57","slug":"k-7348-c-125-gala-refrigerateur-encastrable-avec-perfectfresh-pro","status":"publish","type":"product","link":"https:\/\/whs.lu\/fr\/product\/k-7348-c-125-gala-refrigerateur-encastrable-avec-perfectfresh-pro\/","title":{"rendered":"K 7348 C 125 Gala R\u00e9frig\u00e9rateur encastrable avec PerfectFresh Pro"},"content":{"rendered":"","protected":false},"excerpt":{"rendered":"<ul>\n<li>Stockage professionnel &#8211; encore plus longtemps frais avec PerfectFresh Pro<\/li>\n<li>\u00c9clairage optimal et sans entretien de l&rsquo;habitacle gr\u00e2ce aux LED<\/li>\n<li>Une mise en r\u00e9seau intelligente pour plus de possibilit\u00e9s &#8211; Miele@home<\/li>\n<li>Compartiment de cong\u00e9lation 4 \u00e9toiles int\u00e9gr\u00e9<\/li>\n<li>R\u00e9partition uniforme de la temp\u00e9rature dans toute la chambre froide &#8211; DynaCool<\/li>\n<li>Classe d&rsquo;efficacit\u00e9 \u00e9nerg\u00e9tique C<\/li>\n<li>Hauteur de l&rsquo;appareil 122cm<\/li>\n<li>Technique de fixation porte fixe<\/li>\n<\/ul>\n","protected":false},"featured_media":8754,"comment_status":"open","ping_status":"closed","template":"","meta":{"_et_pb_use_builder":"","_et_pb_old_content":"","_et_gb_content_width":"","inline_featured_image":false},"product_brand":[],"product_cat":[82,80],"product_tag":[],"class_list":{"0":"post-11143","1":"product","2":"type-product","3":"status-publish","4":"has-post-thumbnail","6":"product_cat-miele_cuisine","7":"product_cat-miele-fr","9":"first","10":"instock","11":"taxable","12":"shipping-taxable","13":"purchasable","14":"product-type-simple"},"_links":{"self":[{"href":"https:\/\/whs.lu\/fr\/wp-json\/wp\/v2\/product\/11143","targetHints":{"allow":["GET"]}}],"collection":[{"href":"https:\/\/whs.lu\/fr\/wp-json\/wp\/v2\/product"}],"about":[{"href":"https:\/\/whs.lu\/fr\/wp-json\/wp\/v2\/types\/product"}],"replies":[{"embeddable":true,"href":"https:\/\/whs.lu\/fr\/wp-json\/wp\/v2\/comments?post=11143"}],"wp:featuredmedia":[{"embeddable":true,"href":"https:\/\/whs.lu\/fr\/wp-json\/wp\/v2\/media\/8754"}],"wp:attachment":[{"href":"https:\/\/whs.lu\/fr\/wp-json\/wp\/v2\/media?parent=11143"}],"wp:term":[{"taxonomy":"product_brand","embeddable":true,"href":"https:\/\/whs.lu\/fr\/wp-json\/wp\/v2\/product_brand?post=11143"},{"taxonomy":"product_cat","embeddable":true,"href":"https:\/\/whs.lu\/fr\/wp-json\/wp\/v2\/product_cat?post=11143"},{"taxonomy":"product_tag","embeddable":true,"href":"https:\/\/whs.lu\/fr\/wp-json\/wp\/v2\/product_tag?post=11143"}],"curies":[{"name":"wp","href":"https:\/\/api.w.org\/{rel}","templated":true}]}}