{"id":11144,"date":"2024-10-23T14:39:31","date_gmt":"2024-10-23T12:39:31","guid":{"rendered":"https:\/\/whs.lu\/product\/k-7117-d-refrigerateur-encastrable-avec-dailyfresh\/"},"modified":"2024-10-23T14:39:31","modified_gmt":"2024-10-23T12:39:31","slug":"k-7117-d-refrigerateur-encastrable-avec-dailyfresh","status":"publish","type":"product","link":"https:\/\/whs.lu\/fr\/product\/k-7117-d-refrigerateur-encastrable-avec-dailyfresh\/","title":{"rendered":"K 7117 D R\u00e9frig\u00e9rateur encastrable avec DailyFresh"},"content":{"rendered":"","protected":false},"excerpt":{"rendered":"<ul>\n<li>Tiroir spacieux avec humidit\u00e9 r\u00e9glable &#8211; DailyFresh<\/li>\n<li>\u00c9clairage optimal et sans entretien de l&rsquo;habitacle gr\u00e2ce aux LED<\/li>\n<li>Fermeture amortie de la porte gr\u00e2ce \u00e0 SoftClose<\/li>\n<li>R\u00e9frig\u00e9rer rapidement les aliments gr\u00e2ce au syst\u00e8me automatique SuperR\u00e9frig\u00e9rer<\/li>\n<li>Classe d&rsquo;efficacit\u00e9 \u00e9nerg\u00e9tique D<\/li>\n<li>Hauteur de l&rsquo;appareil 88cm<\/li>\n<li>Technique de fixation porte fixe<\/li>\n<\/ul>\n","protected":false},"featured_media":8750,"comment_status":"open","ping_status":"closed","template":"","meta":{"_et_pb_use_builder":"","_et_pb_old_content":"","_et_gb_content_width":"","inline_featured_image":false},"product_brand":[],"product_cat":[82,80],"product_tag":[],"class_list":{"0":"post-11144","1":"product","2":"type-product","3":"status-publish","4":"has-post-thumbnail","6":"product_cat-miele_cuisine","7":"product_cat-miele-fr","9":"first","10":"instock","11":"taxable","12":"shipping-taxable","13":"purchasable","14":"product-type-simple"},"_links":{"self":[{"href":"https:\/\/whs.lu\/fr\/wp-json\/wp\/v2\/product\/11144","targetHints":{"allow":["GET"]}}],"collection":[{"href":"https:\/\/whs.lu\/fr\/wp-json\/wp\/v2\/product"}],"about":[{"href":"https:\/\/whs.lu\/fr\/wp-json\/wp\/v2\/types\/product"}],"replies":[{"embeddable":true,"href":"https:\/\/whs.lu\/fr\/wp-json\/wp\/v2\/comments?post=11144"}],"wp:featuredmedia":[{"embeddable":true,"href":"https:\/\/whs.lu\/fr\/wp-json\/wp\/v2\/media\/8750"}],"wp:attachment":[{"href":"https:\/\/whs.lu\/fr\/wp-json\/wp\/v2\/media?parent=11144"}],"wp:term":[{"taxonomy":"product_brand","embeddable":true,"href":"https:\/\/whs.lu\/fr\/wp-json\/wp\/v2\/product_brand?post=11144"},{"taxonomy":"product_cat","embeddable":true,"href":"https:\/\/whs.lu\/fr\/wp-json\/wp\/v2\/product_cat?post=11144"},{"taxonomy":"product_tag","embeddable":true,"href":"https:\/\/whs.lu\/fr\/wp-json\/wp\/v2\/product_tag?post=11144"}],"curies":[{"name":"wp","href":"https:\/\/api.w.org\/{rel}","templated":true}]}}