{"id":11145,"date":"2024-10-23T13:28:15","date_gmt":"2024-10-23T11:28:15","guid":{"rendered":"https:\/\/whs.lu\/product\/fn-4778-c-congelateur-independant-xl-avec-nofrost\/"},"modified":"2024-10-23T13:28:15","modified_gmt":"2024-10-23T11:28:15","slug":"fn-4778-c-congelateur-independant-xl-avec-nofrost","status":"publish","type":"product","link":"https:\/\/whs.lu\/fr\/product\/fn-4778-c-congelateur-independant-xl-avec-nofrost\/","title":{"rendered":"FN 4778 C Cong\u00e9lateur ind\u00e9pendant XL avec NoFrost"},"content":{"rendered":"","protected":false},"excerpt":{"rendered":"<ul>\n<li>Pas de givrage des aliments congel\u00e9s &#8211; plus jamais de d\u00e9givrage gr\u00e2ce \u00e0 NoFrost<\/li>\n<li>Fermeture amortie de la porte gr\u00e2ce \u00e0 SoftClose<\/li>\n<li>Ouverture confortable et sans effort &#8211; EasyOpen<\/li>\n<li>Cong\u00e9lation rapide et en douceur des aliments &#8211; SuperFrost<\/li>\n<li>Agrandissement flexible de l&rsquo;espace de cong\u00e9lation &#8211; VarioRoom<\/li>\n<li>Classe d&rsquo;efficacit\u00e9 \u00e9nerg\u00e9tique C<\/li>\n<li>Hauteur de l&rsquo;appareil 185cm<\/li>\n<li>Largeur de l&rsquo;appareil 70cm<\/li>\n<\/ul>\n","protected":false},"featured_media":6918,"comment_status":"open","ping_status":"closed","template":"","meta":{"_et_pb_use_builder":"","_et_pb_old_content":"","_et_gb_content_width":"","inline_featured_image":false},"product_brand":[],"product_cat":[80,83],"product_tag":[],"class_list":{"0":"post-11145","1":"product","2":"type-product","3":"status-publish","4":"has-post-thumbnail","6":"product_cat-miele-fr","7":"product_cat-miele_refrigerateurs-congelateurs","9":"first","10":"instock","11":"taxable","12":"shipping-taxable","13":"purchasable","14":"product-type-simple"},"_links":{"self":[{"href":"https:\/\/whs.lu\/fr\/wp-json\/wp\/v2\/product\/11145","targetHints":{"allow":["GET"]}}],"collection":[{"href":"https:\/\/whs.lu\/fr\/wp-json\/wp\/v2\/product"}],"about":[{"href":"https:\/\/whs.lu\/fr\/wp-json\/wp\/v2\/types\/product"}],"replies":[{"embeddable":true,"href":"https:\/\/whs.lu\/fr\/wp-json\/wp\/v2\/comments?post=11145"}],"wp:featuredmedia":[{"embeddable":true,"href":"https:\/\/whs.lu\/fr\/wp-json\/wp\/v2\/media\/6918"}],"wp:attachment":[{"href":"https:\/\/whs.lu\/fr\/wp-json\/wp\/v2\/media?parent=11145"}],"wp:term":[{"taxonomy":"product_brand","embeddable":true,"href":"https:\/\/whs.lu\/fr\/wp-json\/wp\/v2\/product_brand?post=11145"},{"taxonomy":"product_cat","embeddable":true,"href":"https:\/\/whs.lu\/fr\/wp-json\/wp\/v2\/product_cat?post=11145"},{"taxonomy":"product_tag","embeddable":true,"href":"https:\/\/whs.lu\/fr\/wp-json\/wp\/v2\/product_tag?post=11145"}],"curies":[{"name":"wp","href":"https:\/\/api.w.org\/{rel}","templated":true}]}}