{"id":11148,"date":"2024-10-23T14:37:43","date_gmt":"2024-10-23T12:37:43","guid":{"rendered":"https:\/\/whs.lu\/product\/kfn-4797-cd-refrigerateur-congelateur-independant\/"},"modified":"2024-10-23T14:37:43","modified_gmt":"2024-10-23T12:37:43","slug":"kfn-4797-cd-refrigerateur-congelateur-independant","status":"publish","type":"product","link":"https:\/\/whs.lu\/fr\/product\/kfn-4797-cd-refrigerateur-congelateur-independant\/","title":{"rendered":"KFN 4797 CD R\u00e9frig\u00e9rateur-cong\u00e9lateur ind\u00e9pendant"},"content":{"rendered":"","protected":false},"excerpt":{"rendered":"<ul>\n<li>Stockage professionnel &#8211; encore plus longtemps frais avec PerfectFresh Pro<\/li>\n<li>Pas de givrage des aliments congel\u00e9s &#8211; plus jamais de d\u00e9givrage gr\u00e2ce \u00e0 NoFrost<\/li>\n<li>R\u00e9partition uniforme de la temp\u00e9rature dans toute la chambre froide &#8211; DynaCool<\/li>\n<li>Pas de condensation visible gr\u00e2ce \u00e0 un panneau arri\u00e8re sec<\/li>\n<li>Classe d&rsquo;efficacit\u00e9 \u00e9nerg\u00e9tique C<\/li>\n<li>Hauteur de l&rsquo;appareil 201cm<\/li>\n<\/ul>\n","protected":false},"featured_media":8746,"comment_status":"open","ping_status":"closed","template":"","meta":{"_et_pb_use_builder":"","_et_pb_old_content":"","_et_gb_content_width":"","inline_featured_image":false},"product_brand":[],"product_cat":[80,83],"product_tag":[],"class_list":{"0":"post-11148","1":"product","2":"type-product","3":"status-publish","4":"has-post-thumbnail","6":"product_cat-miele-fr","7":"product_cat-miele_refrigerateurs-congelateurs","9":"first","10":"outofstock","11":"taxable","12":"shipping-taxable","13":"purchasable","14":"product-type-simple"},"_links":{"self":[{"href":"https:\/\/whs.lu\/fr\/wp-json\/wp\/v2\/product\/11148","targetHints":{"allow":["GET"]}}],"collection":[{"href":"https:\/\/whs.lu\/fr\/wp-json\/wp\/v2\/product"}],"about":[{"href":"https:\/\/whs.lu\/fr\/wp-json\/wp\/v2\/types\/product"}],"replies":[{"embeddable":true,"href":"https:\/\/whs.lu\/fr\/wp-json\/wp\/v2\/comments?post=11148"}],"wp:featuredmedia":[{"embeddable":true,"href":"https:\/\/whs.lu\/fr\/wp-json\/wp\/v2\/media\/8746"}],"wp:attachment":[{"href":"https:\/\/whs.lu\/fr\/wp-json\/wp\/v2\/media?parent=11148"}],"wp:term":[{"taxonomy":"product_brand","embeddable":true,"href":"https:\/\/whs.lu\/fr\/wp-json\/wp\/v2\/product_brand?post=11148"},{"taxonomy":"product_cat","embeddable":true,"href":"https:\/\/whs.lu\/fr\/wp-json\/wp\/v2\/product_cat?post=11148"},{"taxonomy":"product_tag","embeddable":true,"href":"https:\/\/whs.lu\/fr\/wp-json\/wp\/v2\/product_tag?post=11148"}],"curies":[{"name":"wp","href":"https:\/\/api.w.org\/{rel}","templated":true}]}}