{"id":11149,"date":"2024-10-23T14:36:40","date_gmt":"2024-10-23T12:36:40","guid":{"rendered":"https:\/\/whs.lu\/product\/ks-4783-dd-refrigerateur-independant-avec-dailyfresh\/"},"modified":"2024-10-23T14:36:40","modified_gmt":"2024-10-23T12:36:40","slug":"ks-4783-dd-refrigerateur-independant-avec-dailyfresh","status":"publish","type":"product","link":"https:\/\/whs.lu\/fr\/product\/ks-4783-dd-refrigerateur-independant-avec-dailyfresh\/","title":{"rendered":"KS 4783 DD R\u00e9frig\u00e9rateur ind\u00e9pendant avec DailyFresh"},"content":{"rendered":"","protected":false},"excerpt":{"rendered":"<ul>\n<li>Tiroir spacieux avec humidit\u00e9 r\u00e9glable &#8211; DailyFresh<\/li>\n<li>R\u00e9partition uniforme de la temp\u00e9rature dans toute la chambre froide &#8211; DynaCool<\/li>\n<li>Fermeture amortie de la porte gr\u00e2ce \u00e0 SoftClose<\/li>\n<li>Adaptation flexible de l&rsquo;espace de r\u00e9frig\u00e9ration pour les r\u00e9cipients hauts &#8211; FlexiBoard<\/li>\n<li>Nettoyage des \u00e9tag\u00e8res de la porte du lave-vaisselle &#8211; ComfortClean<\/li>\n<li>Classe d&rsquo;efficacit\u00e9 \u00e9nerg\u00e9tique D<\/li>\n<li>Hauteur de l&rsquo;appareil 185cm<\/li>\n<\/ul>\n","protected":false},"featured_media":8742,"comment_status":"open","ping_status":"closed","template":"","meta":{"_et_pb_use_builder":"","_et_pb_old_content":"","_et_gb_content_width":"","inline_featured_image":false},"product_brand":[],"product_cat":[80,83],"product_tag":[],"class_list":{"0":"post-11149","1":"product","2":"type-product","3":"status-publish","4":"has-post-thumbnail","6":"product_cat-miele-fr","7":"product_cat-miele_refrigerateurs-congelateurs","9":"first","10":"instock","11":"taxable","12":"shipping-taxable","13":"purchasable","14":"product-type-simple"},"_links":{"self":[{"href":"https:\/\/whs.lu\/fr\/wp-json\/wp\/v2\/product\/11149","targetHints":{"allow":["GET"]}}],"collection":[{"href":"https:\/\/whs.lu\/fr\/wp-json\/wp\/v2\/product"}],"about":[{"href":"https:\/\/whs.lu\/fr\/wp-json\/wp\/v2\/types\/product"}],"replies":[{"embeddable":true,"href":"https:\/\/whs.lu\/fr\/wp-json\/wp\/v2\/comments?post=11149"}],"wp:featuredmedia":[{"embeddable":true,"href":"https:\/\/whs.lu\/fr\/wp-json\/wp\/v2\/media\/8742"}],"wp:attachment":[{"href":"https:\/\/whs.lu\/fr\/wp-json\/wp\/v2\/media?parent=11149"}],"wp:term":[{"taxonomy":"product_brand","embeddable":true,"href":"https:\/\/whs.lu\/fr\/wp-json\/wp\/v2\/product_brand?post=11149"},{"taxonomy":"product_cat","embeddable":true,"href":"https:\/\/whs.lu\/fr\/wp-json\/wp\/v2\/product_cat?post=11149"},{"taxonomy":"product_tag","embeddable":true,"href":"https:\/\/whs.lu\/fr\/wp-json\/wp\/v2\/product_tag?post=11149"}],"curies":[{"name":"wp","href":"https:\/\/api.w.org\/{rel}","templated":true}]}}