{"id":11150,"date":"2024-10-23T14:43:32","date_gmt":"2024-10-23T12:43:32","guid":{"rendered":"https:\/\/whs.lu\/product\/kf-7731-d-refrigerateur-congelateur-encastrable\/"},"modified":"2024-10-23T14:43:32","modified_gmt":"2024-10-23T12:43:32","slug":"kf-7731-d-refrigerateur-congelateur-encastrable","status":"publish","type":"product","link":"https:\/\/whs.lu\/fr\/product\/kf-7731-d-refrigerateur-congelateur-encastrable\/","title":{"rendered":"KF 7731 D R\u00e9frig\u00e9rateur-cong\u00e9lateur encastrable"},"content":{"rendered":"","protected":false},"excerpt":{"rendered":"<ul>\n<li>Tiroir spacieux avec humidit\u00e9 r\u00e9glable &#8211; DailyFresh<\/li>\n<li>\u00c9clairage optimal et sans entretien de l&rsquo;habitacle gr\u00e2ce aux LED<\/li>\n<li>R\u00e9partition uniforme de la temp\u00e9rature dans toute la chambre froide &#8211; DynaCool<\/li>\n<li>Nettoyage des \u00e9tag\u00e8res de la porte du lave-vaisselle &#8211; ComfortClean<\/li>\n<li>Refroidissement optimal gr\u00e2ce \u00e0 deux circuits d&rsquo;air distincts &#8211; DuplexCool<\/li>\n<li>Classe d&rsquo;efficacit\u00e9 \u00e9nerg\u00e9tique D<\/li>\n<li>Hauteur de l&rsquo;appareil 178cm<\/li>\n<li>Technique de fixation Porte de tra\u00eene<\/li>\n<\/ul>\n","protected":false},"featured_media":8765,"comment_status":"open","ping_status":"closed","template":"","meta":{"_et_pb_use_builder":"","_et_pb_old_content":"","_et_gb_content_width":"","inline_featured_image":false},"product_brand":[],"product_cat":[82,80],"product_tag":[],"class_list":{"0":"post-11150","1":"product","2":"type-product","3":"status-publish","4":"has-post-thumbnail","6":"product_cat-miele_cuisine","7":"product_cat-miele-fr","9":"first","10":"instock","11":"taxable","12":"shipping-taxable","13":"purchasable","14":"product-type-simple"},"_links":{"self":[{"href":"https:\/\/whs.lu\/fr\/wp-json\/wp\/v2\/product\/11150","targetHints":{"allow":["GET"]}}],"collection":[{"href":"https:\/\/whs.lu\/fr\/wp-json\/wp\/v2\/product"}],"about":[{"href":"https:\/\/whs.lu\/fr\/wp-json\/wp\/v2\/types\/product"}],"replies":[{"embeddable":true,"href":"https:\/\/whs.lu\/fr\/wp-json\/wp\/v2\/comments?post=11150"}],"wp:featuredmedia":[{"embeddable":true,"href":"https:\/\/whs.lu\/fr\/wp-json\/wp\/v2\/media\/8765"}],"wp:attachment":[{"href":"https:\/\/whs.lu\/fr\/wp-json\/wp\/v2\/media?parent=11150"}],"wp:term":[{"taxonomy":"product_brand","embeddable":true,"href":"https:\/\/whs.lu\/fr\/wp-json\/wp\/v2\/product_brand?post=11150"},{"taxonomy":"product_cat","embeddable":true,"href":"https:\/\/whs.lu\/fr\/wp-json\/wp\/v2\/product_cat?post=11150"},{"taxonomy":"product_tag","embeddable":true,"href":"https:\/\/whs.lu\/fr\/wp-json\/wp\/v2\/product_tag?post=11150"}],"curies":[{"name":"wp","href":"https:\/\/api.w.org\/{rel}","templated":true}]}}