{"id":11151,"date":"2024-10-23T14:45:40","date_gmt":"2024-10-23T12:45:40","guid":{"rendered":"https:\/\/whs.lu\/product\/tch-790-wp-t1-seche-linge-a-pompe-a-chaleur-a-i-9-kg\/"},"modified":"2024-10-23T14:45:40","modified_gmt":"2024-10-23T12:45:40","slug":"tch-790-wp-t1-seche-linge-a-pompe-a-chaleur-a-i-9-kg","status":"publish","type":"product","link":"https:\/\/whs.lu\/fr\/product\/tch-790-wp-t1-seche-linge-a-pompe-a-chaleur-a-i-9-kg\/","title":{"rendered":"TCH 790 WP T1 S\u00e8che-linge \u00e0 pompe \u00e0 chaleur : A+++ I 9 kg"},"content":{"rendered":"","protected":false},"excerpt":{"rendered":"<ul>\n<li>Le SilenceDrum* r\u00e9duit le bruit pour un s\u00e9chage beaucoup plus silencieux<\/li>\n<li>Gagnez du temps lors du tri ; DryCare 40 est parfait pour un lavage \u00e0 40 \u00b0C<\/li>\n<li>EcoSpeed r\u00e9duit efficacement le temps de s\u00e9chage de 20 minutes<\/li>\n<li>FragranceDos garantit la fra\u00eecheur de votre linge apr\u00e8s le s\u00e9chage<\/li>\n<li>Contr\u00f4le complet de l&rsquo;application de votre s\u00e8che-linge avec Miele@home<\/li>\n<\/ul>\n","protected":false},"featured_media":8772,"comment_status":"open","ping_status":"closed","template":"","meta":{"_et_pb_use_builder":"","_et_pb_old_content":"","_et_gb_content_width":"","inline_featured_image":false},"product_brand":[],"product_cat":[80,86],"product_tag":[],"class_list":{"0":"post-11151","1":"product","2":"type-product","3":"status-publish","4":"has-post-thumbnail","6":"product_cat-miele-fr","7":"product_cat-miele_soin-du-linge","9":"first","10":"instock","11":"taxable","12":"shipping-taxable","13":"purchasable","14":"product-type-simple"},"_links":{"self":[{"href":"https:\/\/whs.lu\/fr\/wp-json\/wp\/v2\/product\/11151","targetHints":{"allow":["GET"]}}],"collection":[{"href":"https:\/\/whs.lu\/fr\/wp-json\/wp\/v2\/product"}],"about":[{"href":"https:\/\/whs.lu\/fr\/wp-json\/wp\/v2\/types\/product"}],"replies":[{"embeddable":true,"href":"https:\/\/whs.lu\/fr\/wp-json\/wp\/v2\/comments?post=11151"}],"wp:featuredmedia":[{"embeddable":true,"href":"https:\/\/whs.lu\/fr\/wp-json\/wp\/v2\/media\/8772"}],"wp:attachment":[{"href":"https:\/\/whs.lu\/fr\/wp-json\/wp\/v2\/media?parent=11151"}],"wp:term":[{"taxonomy":"product_brand","embeddable":true,"href":"https:\/\/whs.lu\/fr\/wp-json\/wp\/v2\/product_brand?post=11151"},{"taxonomy":"product_cat","embeddable":true,"href":"https:\/\/whs.lu\/fr\/wp-json\/wp\/v2\/product_cat?post=11151"},{"taxonomy":"product_tag","embeddable":true,"href":"https:\/\/whs.lu\/fr\/wp-json\/wp\/v2\/product_tag?post=11151"}],"curies":[{"name":"wp","href":"https:\/\/api.w.org\/{rel}","templated":true}]}}