{"id":11152,"date":"2024-10-23T14:44:47","date_gmt":"2024-10-23T12:44:47","guid":{"rendered":"https:\/\/whs.lu\/product\/twc-560-wp-t1-seche-linge-a-pompe-a-chaleur-a-i-8-kg\/"},"modified":"2024-10-23T14:44:47","modified_gmt":"2024-10-23T12:44:47","slug":"twc-560-wp-t1-seche-linge-a-pompe-a-chaleur-a-i-8-kg","status":"publish","type":"product","link":"https:\/\/whs.lu\/fr\/product\/twc-560-wp-t1-seche-linge-a-pompe-a-chaleur-a-i-8-kg\/","title":{"rendered":"TWC 560 WP T1 S\u00e8che-linge \u00e0 pompe \u00e0 chaleur : A+++ I 8 kg"},"content":{"rendered":"","protected":false},"excerpt":{"rendered":"<ul>\n<li>EcoSpeed r\u00e9duit efficacement le temps de s\u00e9chage de 20 minutes<\/li>\n<li>EcoDry assure des performances efficaces pendant toute la dur\u00e9e de vie du s\u00e8che-linge<\/li>\n<li>FragranceDos garantit la fra\u00eecheur de votre linge apr\u00e8s le s\u00e9chage<\/li>\n<li>PerfectDry garantit que le linge n&rsquo;est jamais trop humide ou trop sec<\/li>\n<li>Contr\u00f4le complet de l&rsquo;application de votre s\u00e8che-linge avec Miele@home<\/li>\n<\/ul>\n","protected":false},"featured_media":8769,"comment_status":"open","ping_status":"closed","template":"","meta":{"_et_pb_use_builder":"","_et_pb_old_content":"","_et_gb_content_width":"","inline_featured_image":false},"product_brand":[],"product_cat":[80,86],"product_tag":[],"class_list":{"0":"post-11152","1":"product","2":"type-product","3":"status-publish","4":"has-post-thumbnail","6":"product_cat-miele-fr","7":"product_cat-miele_soin-du-linge","9":"first","10":"instock","11":"taxable","12":"shipping-taxable","13":"purchasable","14":"product-type-simple"},"_links":{"self":[{"href":"https:\/\/whs.lu\/fr\/wp-json\/wp\/v2\/product\/11152","targetHints":{"allow":["GET"]}}],"collection":[{"href":"https:\/\/whs.lu\/fr\/wp-json\/wp\/v2\/product"}],"about":[{"href":"https:\/\/whs.lu\/fr\/wp-json\/wp\/v2\/types\/product"}],"replies":[{"embeddable":true,"href":"https:\/\/whs.lu\/fr\/wp-json\/wp\/v2\/comments?post=11152"}],"wp:featuredmedia":[{"embeddable":true,"href":"https:\/\/whs.lu\/fr\/wp-json\/wp\/v2\/media\/8769"}],"wp:attachment":[{"href":"https:\/\/whs.lu\/fr\/wp-json\/wp\/v2\/media?parent=11152"}],"wp:term":[{"taxonomy":"product_brand","embeddable":true,"href":"https:\/\/whs.lu\/fr\/wp-json\/wp\/v2\/product_brand?post=11152"},{"taxonomy":"product_cat","embeddable":true,"href":"https:\/\/whs.lu\/fr\/wp-json\/wp\/v2\/product_cat?post=11152"},{"taxonomy":"product_tag","embeddable":true,"href":"https:\/\/whs.lu\/fr\/wp-json\/wp\/v2\/product_tag?post=11152"}],"curies":[{"name":"wp","href":"https:\/\/api.w.org\/{rel}","templated":true}]}}