{"id":11153,"date":"2024-10-23T14:29:36","date_gmt":"2024-10-23T12:29:36","guid":{"rendered":"https:\/\/whs.lu\/product\/b-4312-fashionmaster\/"},"modified":"2024-10-23T14:29:36","modified_gmt":"2024-10-23T12:29:36","slug":"b-4312-fashionmaster","status":"publish","type":"product","link":"https:\/\/whs.lu\/fr\/product\/b-4312-fashionmaster\/","title":{"rendered":"B 4312 FashionMaster"},"content":{"rendered":"","protected":false},"excerpt":{"rendered":"<ul>\n<li>Syst\u00e8me de repassage \u00e0 vapeur avec \u00e9cran<\/li>\n<li>Semelle alv\u00e9ol\u00e9e pour un lissage optimal<\/li>\n<li>Distribution uniforme de la vapeur &#8211; semelle alv\u00e9ol\u00e9e Miele<\/li>\n<li>R\u00e9sultats de repassage de qualit\u00e9 professionnelle gr\u00e2ce \u00e0 une pression de vapeur de 3,5 bars<\/li>\n<li>Montage\/d\u00e9montage facile &#8211; 1-2-LiftSystem<\/li>\n<li>Meilleurs r\u00e9sultats de repassage gr\u00e2ce au soutien de la table active<\/li>\n<\/ul>\n","protected":false},"featured_media":8730,"comment_status":"open","ping_status":"closed","template":"","meta":{"_et_pb_use_builder":"","_et_pb_old_content":"","_et_gb_content_width":"","inline_featured_image":false},"product_brand":[],"product_cat":[80],"product_tag":[],"class_list":{"0":"post-11153","1":"product","2":"type-product","3":"status-publish","4":"has-post-thumbnail","6":"product_cat-miele-fr","8":"first","9":"instock","10":"taxable","11":"shipping-taxable","12":"purchasable","13":"product-type-simple"},"_links":{"self":[{"href":"https:\/\/whs.lu\/fr\/wp-json\/wp\/v2\/product\/11153","targetHints":{"allow":["GET"]}}],"collection":[{"href":"https:\/\/whs.lu\/fr\/wp-json\/wp\/v2\/product"}],"about":[{"href":"https:\/\/whs.lu\/fr\/wp-json\/wp\/v2\/types\/product"}],"replies":[{"embeddable":true,"href":"https:\/\/whs.lu\/fr\/wp-json\/wp\/v2\/comments?post=11153"}],"wp:featuredmedia":[{"embeddable":true,"href":"https:\/\/whs.lu\/fr\/wp-json\/wp\/v2\/media\/8730"}],"wp:attachment":[{"href":"https:\/\/whs.lu\/fr\/wp-json\/wp\/v2\/media?parent=11153"}],"wp:term":[{"taxonomy":"product_brand","embeddable":true,"href":"https:\/\/whs.lu\/fr\/wp-json\/wp\/v2\/product_brand?post=11153"},{"taxonomy":"product_cat","embeddable":true,"href":"https:\/\/whs.lu\/fr\/wp-json\/wp\/v2\/product_cat?post=11153"},{"taxonomy":"product_tag","embeddable":true,"href":"https:\/\/whs.lu\/fr\/wp-json\/wp\/v2\/product_tag?post=11153"}],"curies":[{"name":"wp","href":"https:\/\/api.w.org\/{rel}","templated":true}]}}