{"id":11154,"date":"2024-10-23T15:08:12","date_gmt":"2024-10-23T13:08:12","guid":{"rendered":"https:\/\/whs.lu\/product\/wwb-200-wps-w1-lave-linge-a-i-8-kg\/"},"modified":"2024-10-23T15:08:12","modified_gmt":"2024-10-23T13:08:12","slug":"wwb-200-wps-w1-lave-linge-a-i-8-kg","status":"publish","type":"product","link":"https:\/\/whs.lu\/fr\/product\/wwb-200-wps-w1-lave-linge-a-i-8-kg\/","title":{"rendered":"WWB 200 WPS W1 Lave-linge : A I 8 kg"},"content":{"rendered":"","protected":false},"excerpt":{"rendered":"<ul>\n<li>8 kg I 1400 tr\/min<\/li>\n<li>Test\u00e9 sur 20 ans de soin parfait du linge<\/li>\n<li>\u00c9conomiser l&rsquo;\u00e9nergie dans la meilleure classe d&rsquo;efficacit\u00e9 \u00e9nerg\u00e9tique A<\/li>\n<li>Le pr\u00e9-repassage suppl\u00e9mentaire r\u00e9duit les plis et permet d&rsquo;\u00e9conomiser jusqu&rsquo;\u00e0 50 % de temps et d&rsquo;efforts.<\/li>\n<li>Gamme CapDosing exclusive pour diff\u00e9rents types de textiles et de taches<\/li>\n<li>Notre tambour d\u00e9licat permet de conserver le linge en parfait \u00e9tat.<\/li>\n<\/ul>\n","protected":false},"featured_media":8781,"comment_status":"open","ping_status":"closed","template":"","meta":{"_et_pb_use_builder":"","_et_pb_old_content":"","_et_gb_content_width":"","inline_featured_image":false},"product_brand":[],"product_cat":[80,86],"product_tag":[],"class_list":{"0":"post-11154","1":"product","2":"type-product","3":"status-publish","4":"has-post-thumbnail","6":"product_cat-miele-fr","7":"product_cat-miele_soin-du-linge","9":"first","10":"instock","11":"taxable","12":"shipping-taxable","13":"purchasable","14":"product-type-simple"},"_links":{"self":[{"href":"https:\/\/whs.lu\/fr\/wp-json\/wp\/v2\/product\/11154","targetHints":{"allow":["GET"]}}],"collection":[{"href":"https:\/\/whs.lu\/fr\/wp-json\/wp\/v2\/product"}],"about":[{"href":"https:\/\/whs.lu\/fr\/wp-json\/wp\/v2\/types\/product"}],"replies":[{"embeddable":true,"href":"https:\/\/whs.lu\/fr\/wp-json\/wp\/v2\/comments?post=11154"}],"wp:featuredmedia":[{"embeddable":true,"href":"https:\/\/whs.lu\/fr\/wp-json\/wp\/v2\/media\/8781"}],"wp:attachment":[{"href":"https:\/\/whs.lu\/fr\/wp-json\/wp\/v2\/media?parent=11154"}],"wp:term":[{"taxonomy":"product_brand","embeddable":true,"href":"https:\/\/whs.lu\/fr\/wp-json\/wp\/v2\/product_brand?post=11154"},{"taxonomy":"product_cat","embeddable":true,"href":"https:\/\/whs.lu\/fr\/wp-json\/wp\/v2\/product_cat?post=11154"},{"taxonomy":"product_tag","embeddable":true,"href":"https:\/\/whs.lu\/fr\/wp-json\/wp\/v2\/product_tag?post=11154"}],"curies":[{"name":"wp","href":"https:\/\/api.w.org\/{rel}","templated":true}]}}