{"id":11155,"date":"2024-10-23T15:07:03","date_gmt":"2024-10-23T13:07:03","guid":{"rendered":"https:\/\/whs.lu\/product\/weg-375-wps-w1-lave-linge-a-i-9-kg\/"},"modified":"2025-02-13T08:20:57","modified_gmt":"2025-02-13T07:20:57","slug":"weg-375-wps-w1-lave-linge-a-i-9-kg","status":"publish","type":"product","link":"https:\/\/whs.lu\/fr\/product\/weg-375-wps-w1-lave-linge-a-i-9-kg\/","title":{"rendered":"WEG 375 WPS W1 Lave-linge : A I 9 kg"},"content":{"rendered":"","protected":false},"excerpt":{"rendered":"<ul>\n<li>9 kg I 1400 tr\/min<\/li>\n<li>QuickPowerWash assure des r\u00e9sultats efficaces et rapides en seulement 49 minutes<\/li>\n<li>Notre tambour d\u00e9licat permet de conserver le linge en parfait \u00e9tat.<\/li>\n<li>Le pr\u00e9-repassage suppl\u00e9mentaire r\u00e9duit les plis et permet d&rsquo;\u00e9conomiser jusqu&rsquo;\u00e0 50 % de temps et d&rsquo;efforts.<\/li>\n<li>\u00c9cran plus commande confortable du bout des doigts &#8211; ComfortSensor<\/li>\n<li>Commande compl\u00e8te de votre lave-linge par application avec Miele@home<\/li>\n<\/ul>\n","protected":false},"featured_media":8778,"comment_status":"open","ping_status":"closed","template":"","meta":{"_et_pb_use_builder":"","_et_pb_old_content":"","_et_gb_content_width":"","inline_featured_image":false},"product_brand":[],"product_cat":[80,86],"product_tag":[],"class_list":{"0":"post-11155","1":"product","2":"type-product","3":"status-publish","4":"has-post-thumbnail","6":"product_cat-miele-fr","7":"product_cat-miele_soin-du-linge","9":"first","10":"instock","11":"taxable","12":"shipping-taxable","13":"purchasable","14":"product-type-simple"},"_links":{"self":[{"href":"https:\/\/whs.lu\/fr\/wp-json\/wp\/v2\/product\/11155","targetHints":{"allow":["GET"]}}],"collection":[{"href":"https:\/\/whs.lu\/fr\/wp-json\/wp\/v2\/product"}],"about":[{"href":"https:\/\/whs.lu\/fr\/wp-json\/wp\/v2\/types\/product"}],"replies":[{"embeddable":true,"href":"https:\/\/whs.lu\/fr\/wp-json\/wp\/v2\/comments?post=11155"}],"wp:featuredmedia":[{"embeddable":true,"href":"https:\/\/whs.lu\/fr\/wp-json\/wp\/v2\/media\/8778"}],"wp:attachment":[{"href":"https:\/\/whs.lu\/fr\/wp-json\/wp\/v2\/media?parent=11155"}],"wp:term":[{"taxonomy":"product_brand","embeddable":true,"href":"https:\/\/whs.lu\/fr\/wp-json\/wp\/v2\/product_brand?post=11155"},{"taxonomy":"product_cat","embeddable":true,"href":"https:\/\/whs.lu\/fr\/wp-json\/wp\/v2\/product_cat?post=11155"},{"taxonomy":"product_tag","embeddable":true,"href":"https:\/\/whs.lu\/fr\/wp-json\/wp\/v2\/product_tag?post=11155"}],"curies":[{"name":"wp","href":"https:\/\/api.w.org\/{rel}","templated":true}]}}