{"id":11156,"date":"2024-10-23T15:05:47","date_gmt":"2024-10-23T13:05:47","guid":{"rendered":"https:\/\/whs.lu\/product\/lave-linge-wwg-760-wps-twindos-w1-a-i-9-kg\/"},"modified":"2025-02-13T08:20:44","modified_gmt":"2025-02-13T07:20:44","slug":"lave-linge-wwg-760-wps-twindos-w1-a-i-9-kg","status":"publish","type":"product","link":"https:\/\/whs.lu\/fr\/product\/lave-linge-wwg-760-wps-twindos-w1-a-i-9-kg\/","title":{"rendered":"Lave-linge WWG 760 WPS TwinDos W1 : A I 9 kg"},"content":{"rendered":"","protected":false},"excerpt":{"rendered":"<ul>\n<li>9 kg I 1400 tr\/min<\/li>\n<li>Test\u00e9 sur 20 ans de soin parfait du linge<\/li>\n<li>\u00c9conomiser l&rsquo;\u00e9nergie dans la meilleure classe d&rsquo;efficacit\u00e9 \u00e9nerg\u00e9tique A<\/li>\n<li>\u00c9conomisez jusqu&rsquo;\u00e0 65 % sur vos co\u00fbts \u00e9nerg\u00e9tiques<\/li>\n<li>avec un raccordement suppl\u00e9mentaire \u00e0 l&rsquo;eau chaude<\/li>\n<li>Dosage pr\u00e9cis et automatique de la lessive avec TwinDos<\/li>\n<li>Commande compl\u00e8te de votre lave-linge par application avec Miele@home<\/li>\n<\/ul>\n","protected":false},"featured_media":8775,"comment_status":"open","ping_status":"closed","template":"","meta":{"_et_pb_use_builder":"","_et_pb_old_content":"","_et_gb_content_width":"","inline_featured_image":false},"product_brand":[],"product_cat":[80,86],"product_tag":[],"class_list":{"0":"post-11156","1":"product","2":"type-product","3":"status-publish","4":"has-post-thumbnail","6":"product_cat-miele-fr","7":"product_cat-miele_soin-du-linge","9":"first","10":"instock","11":"taxable","12":"shipping-taxable","13":"purchasable","14":"product-type-simple"},"_links":{"self":[{"href":"https:\/\/whs.lu\/fr\/wp-json\/wp\/v2\/product\/11156","targetHints":{"allow":["GET"]}}],"collection":[{"href":"https:\/\/whs.lu\/fr\/wp-json\/wp\/v2\/product"}],"about":[{"href":"https:\/\/whs.lu\/fr\/wp-json\/wp\/v2\/types\/product"}],"replies":[{"embeddable":true,"href":"https:\/\/whs.lu\/fr\/wp-json\/wp\/v2\/comments?post=11156"}],"wp:featuredmedia":[{"embeddable":true,"href":"https:\/\/whs.lu\/fr\/wp-json\/wp\/v2\/media\/8775"}],"wp:attachment":[{"href":"https:\/\/whs.lu\/fr\/wp-json\/wp\/v2\/media?parent=11156"}],"wp:term":[{"taxonomy":"product_brand","embeddable":true,"href":"https:\/\/whs.lu\/fr\/wp-json\/wp\/v2\/product_brand?post=11156"},{"taxonomy":"product_cat","embeddable":true,"href":"https:\/\/whs.lu\/fr\/wp-json\/wp\/v2\/product_cat?post=11156"},{"taxonomy":"product_tag","embeddable":true,"href":"https:\/\/whs.lu\/fr\/wp-json\/wp\/v2\/product_tag?post=11156"}],"curies":[{"name":"wp","href":"https:\/\/api.w.org\/{rel}","templated":true}]}}