{"id":11157,"date":"2024-10-23T14:29:05","date_gmt":"2024-10-23T12:29:05","guid":{"rendered":"https:\/\/whs.lu\/product\/lave-linge-wwb-680-wcs-125-edition-w1-i-twindos-i-8-kg\/"},"modified":"2025-02-13T08:19:33","modified_gmt":"2025-02-13T07:19:33","slug":"lave-linge-wwb-680-wcs-125-edition-w1-i-twindos-i-8-kg","status":"publish","type":"product","link":"https:\/\/whs.lu\/fr\/product\/lave-linge-wwb-680-wcs-125-edition-w1-i-twindos-i-8-kg\/","title":{"rendered":"Lave-linge WWB 680 WCS 125 Edition W1 I TwinDos I 8 kg"},"content":{"rendered":"","protected":false},"excerpt":{"rendered":"<ul>\n<li>8 kg I 1400 tr\/min<\/li>\n<li>Test\u00e9 sur 20 ans de soin parfait du linge<\/li>\n<li>\u00c9conomisez encore plus d&rsquo;\u00e9nergie avec A -10<\/li>\n<li>SteamCare r\u00e9duit le temps de repassage jusqu&rsquo;\u00e0 50 % et rafra\u00eechit vos v\u00eatements<\/li>\n<li>Dosage pr\u00e9cis et automatique de la lessive avec TwinDos<\/li>\n<li>Miele@home &#8211; une mise en r\u00e9seau intelligente pour plus de possibilit\u00e9s<\/li>\n<\/ul>\n","protected":false},"featured_media":8727,"comment_status":"open","ping_status":"closed","template":"","meta":{"_et_pb_use_builder":"","_et_pb_old_content":"","_et_gb_content_width":"","inline_featured_image":false},"product_brand":[],"product_cat":[80,86],"product_tag":[],"class_list":{"0":"post-11157","1":"product","2":"type-product","3":"status-publish","4":"has-post-thumbnail","6":"product_cat-miele-fr","7":"product_cat-miele_soin-du-linge","9":"first","10":"instock","11":"taxable","12":"shipping-taxable","13":"purchasable","14":"product-type-simple"},"_links":{"self":[{"href":"https:\/\/whs.lu\/fr\/wp-json\/wp\/v2\/product\/11157","targetHints":{"allow":["GET"]}}],"collection":[{"href":"https:\/\/whs.lu\/fr\/wp-json\/wp\/v2\/product"}],"about":[{"href":"https:\/\/whs.lu\/fr\/wp-json\/wp\/v2\/types\/product"}],"replies":[{"embeddable":true,"href":"https:\/\/whs.lu\/fr\/wp-json\/wp\/v2\/comments?post=11157"}],"wp:featuredmedia":[{"embeddable":true,"href":"https:\/\/whs.lu\/fr\/wp-json\/wp\/v2\/media\/8727"}],"wp:attachment":[{"href":"https:\/\/whs.lu\/fr\/wp-json\/wp\/v2\/media?parent=11157"}],"wp:term":[{"taxonomy":"product_brand","embeddable":true,"href":"https:\/\/whs.lu\/fr\/wp-json\/wp\/v2\/product_brand?post=11157"},{"taxonomy":"product_cat","embeddable":true,"href":"https:\/\/whs.lu\/fr\/wp-json\/wp\/v2\/product_cat?post=11157"},{"taxonomy":"product_tag","embeddable":true,"href":"https:\/\/whs.lu\/fr\/wp-json\/wp\/v2\/product_tag?post=11157"}],"curies":[{"name":"wp","href":"https:\/\/api.w.org\/{rel}","templated":true}]}}