{"id":11158,"date":"2024-10-23T15:09:13","date_gmt":"2024-10-23T13:09:13","guid":{"rendered":"https:\/\/whs.lu\/product\/twc-660-wp-125-edition-t1-seche-linge-avec-pompe-a-chaleur-a-i-8-kg\/"},"modified":"2025-02-13T08:19:57","modified_gmt":"2025-02-13T07:19:57","slug":"twc-660-wp-125-edition-t1-seche-linge-avec-pompe-a-chaleur-a-i-8-kg","status":"publish","type":"product","link":"https:\/\/whs.lu\/fr\/product\/twc-660-wp-125-edition-t1-seche-linge-avec-pompe-a-chaleur-a-i-8-kg\/","title":{"rendered":"TWC 660 WP 125 Edition T1 S\u00e8che-linge avec pompe \u00e0 chaleur : A+++ I 8 kg"},"content":{"rendered":"","protected":false},"excerpt":{"rendered":"<ul>\n<li>Gagnez du temps lors du tri ; DryCare 40 est parfait pour un lavage \u00e0 40 \u00b0C<\/li>\n<li>EcoSpeed r\u00e9duit efficacement le temps de s\u00e9chage de 20 minutes<\/li>\n<li>Contr\u00f4le complet de l&rsquo;application de votre s\u00e8che-linge avec Miele@home<\/li>\n<li>EcoDry assure des performances efficaces pendant toute la dur\u00e9e de vie du s\u00e8che-linge<\/li>\n<li>FragranceDos garantit la fra\u00eecheur de votre linge apr\u00e8s le s\u00e9chage<\/li>\n<\/ul>\n","protected":false},"featured_media":8784,"comment_status":"open","ping_status":"closed","template":"","meta":{"_et_pb_use_builder":"","_et_pb_old_content":"","_et_gb_content_width":"","inline_featured_image":false},"product_brand":[],"product_cat":[80,86],"product_tag":[],"class_list":{"0":"post-11158","1":"product","2":"type-product","3":"status-publish","4":"has-post-thumbnail","6":"product_cat-miele-fr","7":"product_cat-miele_soin-du-linge","9":"first","10":"outofstock","11":"taxable","12":"shipping-taxable","13":"purchasable","14":"product-type-simple"},"_links":{"self":[{"href":"https:\/\/whs.lu\/fr\/wp-json\/wp\/v2\/product\/11158","targetHints":{"allow":["GET"]}}],"collection":[{"href":"https:\/\/whs.lu\/fr\/wp-json\/wp\/v2\/product"}],"about":[{"href":"https:\/\/whs.lu\/fr\/wp-json\/wp\/v2\/types\/product"}],"replies":[{"embeddable":true,"href":"https:\/\/whs.lu\/fr\/wp-json\/wp\/v2\/comments?post=11158"}],"wp:featuredmedia":[{"embeddable":true,"href":"https:\/\/whs.lu\/fr\/wp-json\/wp\/v2\/media\/8784"}],"wp:attachment":[{"href":"https:\/\/whs.lu\/fr\/wp-json\/wp\/v2\/media?parent=11158"}],"wp:term":[{"taxonomy":"product_brand","embeddable":true,"href":"https:\/\/whs.lu\/fr\/wp-json\/wp\/v2\/product_brand?post=11158"},{"taxonomy":"product_cat","embeddable":true,"href":"https:\/\/whs.lu\/fr\/wp-json\/wp\/v2\/product_cat?post=11158"},{"taxonomy":"product_tag","embeddable":true,"href":"https:\/\/whs.lu\/fr\/wp-json\/wp\/v2\/product_tag?post=11158"}],"curies":[{"name":"wp","href":"https:\/\/api.w.org\/{rel}","templated":true}]}}