{"id":11403,"date":"2025-01-20T10:26:12","date_gmt":"2025-01-20T09:26:12","guid":{"rendered":"https:\/\/whs.lu\/product\/c3-complete-125-gala-edition-gris-graphite\/"},"modified":"2025-01-20T10:26:12","modified_gmt":"2025-01-20T09:26:12","slug":"c3-complete-125-gala-edition-gris-graphite","status":"publish","type":"product","link":"https:\/\/whs.lu\/fr\/product\/c3-complete-125-gala-edition-gris-graphite\/","title":{"rendered":"C3 Complete 125 Gala Edition Gris Graphite"},"content":{"rendered":"","protected":false},"excerpt":{"rendered":"<ul>\n<li>Flexible Parquet Twister : pour m\u00e9nager les sols durs d\u00e9licats<\/li>\n<li>Poign\u00e9e Comfort : ergonomique et confortable<\/li>\n<li>R\u00e9glage de la hauteur particuli\u00e8rement confortable gr\u00e2ce au tube t\u00e9lescopique Comfort<\/li>\n<li>Confortable et polyvalent avec accessoires int\u00e9gr\u00e9s en trois parties<\/li>\n<li>Polyvalent &#8211; Suceur de sol universel<\/li>\n<\/ul>\n","protected":false},"featured_media":11398,"comment_status":"open","ping_status":"closed","template":"","meta":{"_et_pb_use_builder":"","_et_pb_old_content":"","_et_gb_content_width":"","inline_featured_image":false},"product_brand":[],"product_cat":[85,80],"product_tag":[],"class_list":{"0":"post-11403","1":"product","2":"type-product","3":"status-publish","4":"has-post-thumbnail","6":"product_cat-miele_aspirateur","7":"product_cat-miele-fr","9":"first","10":"instock","11":"taxable","12":"shipping-taxable","13":"purchasable","14":"product-type-simple"},"_links":{"self":[{"href":"https:\/\/whs.lu\/fr\/wp-json\/wp\/v2\/product\/11403","targetHints":{"allow":["GET"]}}],"collection":[{"href":"https:\/\/whs.lu\/fr\/wp-json\/wp\/v2\/product"}],"about":[{"href":"https:\/\/whs.lu\/fr\/wp-json\/wp\/v2\/types\/product"}],"replies":[{"embeddable":true,"href":"https:\/\/whs.lu\/fr\/wp-json\/wp\/v2\/comments?post=11403"}],"wp:featuredmedia":[{"embeddable":true,"href":"https:\/\/whs.lu\/fr\/wp-json\/wp\/v2\/media\/11398"}],"wp:attachment":[{"href":"https:\/\/whs.lu\/fr\/wp-json\/wp\/v2\/media?parent=11403"}],"wp:term":[{"taxonomy":"product_brand","embeddable":true,"href":"https:\/\/whs.lu\/fr\/wp-json\/wp\/v2\/product_brand?post=11403"},{"taxonomy":"product_cat","embeddable":true,"href":"https:\/\/whs.lu\/fr\/wp-json\/wp\/v2\/product_cat?post=11403"},{"taxonomy":"product_tag","embeddable":true,"href":"https:\/\/whs.lu\/fr\/wp-json\/wp\/v2\/product_tag?post=11403"}],"curies":[{"name":"wp","href":"https:\/\/api.w.org\/{rel}","templated":true}]}}