{"id":11536,"date":"2025-02-12T10:12:30","date_gmt":"2025-02-12T09:12:30","guid":{"rendered":"https:\/\/whs.lu\/product\/calor-gv9550c0-station-de-repassage-pro-express-ultimate-2600-w\/"},"modified":"2025-02-12T10:12:30","modified_gmt":"2025-02-12T09:12:30","slug":"calor-gv9550c0-station-de-repassage-pro-express-ultimate-2600-w","status":"publish","type":"product","link":"https:\/\/whs.lu\/fr\/product\/calor-gv9550c0-station-de-repassage-pro-express-ultimate-2600-w\/","title":{"rendered":"CALOR GV9550C0 Station de repassage Pro Express Ultimate 2600 W"},"content":{"rendered":"","protected":false},"excerpt":{"rendered":"<ul>\n<li>Puissance vapeur de 8 bars et d\u00e9bit vapeur intense jusqu&rsquo;\u00e0 520g\/minute pour les plis tenaces et les tissus \u00e9pais<\/li>\n<li>D\u00e9bit de vapeur continu jusqu&rsquo;\u00e0 120g\/minute pour un repassage tr\u00e8s efficace<\/li>\n<li>Double syst\u00e8me de protection : repassez en toute s\u00e9r\u00e9nit\u00e9 gr\u00e2ce au syst\u00e8me Protect qui transforme les gouttes et les fuites d&rsquo;eau en vapeur et les prot\u00e8ge des taches, tandis que notre meilleur collecteur anti-calcaire garantit des performances \u00e9lev\u00e9es et durables.<\/li>\n<li>Une glisse parfaite : La semelle Durilium AirGlide Autoclean reste propre au fil du temps et offre la meilleure glisse possible.<\/li>\n<li>Semelle de repassage optimis\u00e9e : nouvelle semelle Slimline pour une utilisation plus facile et un repassage plus confortable<\/li>\n<li>Panneau de commande tr\u00e8s intuitif avec 5 r\u00e9glages pour une combinaison parfaite vapeur\/temp\u00e9rature adapt\u00e9e au tissu<\/li>\n<li>Syst\u00e8me de verrouillage : pour un transport et un rangement faciles et s\u00fbrs<\/li>\n<li>Capacit\u00e9 du r\u00e9servoir d&rsquo;eau 1,9 litre<\/li>\n<\/ul>\n","protected":false},"featured_media":11526,"comment_status":"open","ping_status":"closed","template":"","meta":{"_et_pb_use_builder":"","_et_pb_old_content":"","_et_gb_content_width":"","inline_featured_image":false},"product_brand":[],"product_cat":[77,74],"product_tag":[],"class_list":{"0":"post-11536","1":"product","2":"type-product","3":"status-publish","4":"has-post-thumbnail","6":"product_cat-hygiene-fr","7":"product_cat-prix-promotionnels","9":"first","10":"instock","11":"sale","12":"taxable","13":"shipping-taxable","14":"purchasable","15":"product-type-simple"},"_links":{"self":[{"href":"https:\/\/whs.lu\/fr\/wp-json\/wp\/v2\/product\/11536","targetHints":{"allow":["GET"]}}],"collection":[{"href":"https:\/\/whs.lu\/fr\/wp-json\/wp\/v2\/product"}],"about":[{"href":"https:\/\/whs.lu\/fr\/wp-json\/wp\/v2\/types\/product"}],"replies":[{"embeddable":true,"href":"https:\/\/whs.lu\/fr\/wp-json\/wp\/v2\/comments?post=11536"}],"wp:featuredmedia":[{"embeddable":true,"href":"https:\/\/whs.lu\/fr\/wp-json\/wp\/v2\/media\/11526"}],"wp:attachment":[{"href":"https:\/\/whs.lu\/fr\/wp-json\/wp\/v2\/media?parent=11536"}],"wp:term":[{"taxonomy":"product_brand","embeddable":true,"href":"https:\/\/whs.lu\/fr\/wp-json\/wp\/v2\/product_brand?post=11536"},{"taxonomy":"product_cat","embeddable":true,"href":"https:\/\/whs.lu\/fr\/wp-json\/wp\/v2\/product_cat?post=11536"},{"taxonomy":"product_tag","embeddable":true,"href":"https:\/\/whs.lu\/fr\/wp-json\/wp\/v2\/product_tag?post=11536"}],"curies":[{"name":"wp","href":"https:\/\/api.w.org\/{rel}","templated":true}]}}