{"id":11537,"date":"2025-02-12T10:15:13","date_gmt":"2025-02-12T09:15:13","guid":{"rendered":"https:\/\/whs.lu\/product\/beurer-lb37-humidificateur-dair-toffee\/"},"modified":"2025-02-12T10:15:13","modified_gmt":"2025-02-12T09:15:13","slug":"beurer-lb37-humidificateur-dair-toffee","status":"publish","type":"product","link":"https:\/\/whs.lu\/fr\/product\/beurer-lb37-humidificateur-dair-toffee\/","title":{"rendered":"BEURER LB37 Humidificateur d&rsquo;air Toffee"},"content":{"rendered":"","protected":false},"excerpt":{"rendered":"<ul>\n<li>Convient aux pi\u00e8ces jusqu&rsquo;\u00e0 20 m\u00b2.<\/li>\n<li>Pulv\u00e9risation microfine par ultrasons<\/li>\n<li>Mode nuit : fonctionnement silencieux et sans \u00e9clairage g\u00eanant<\/li>\n<li>Convient \u00e0 la diffusion d&rsquo;huiles aromatiques dans une pi\u00e8ce<\/li>\n<li>LED de contr\u00f4le : blanc et bleu pour les niveaux de n\u00e9bulisation, rouge pour le r\u00e9servoir d&rsquo;eau vide de 2 L<\/li>\n<li>Fonctionnement tr\u00e8s silencieux<\/li>\n<li>Accessoires : 15 pastilles aromatiques \u00e0 utiliser avec des ar\u00f4mes et brosse de nettoyage<\/li>\n<\/ul>\n","protected":false},"featured_media":11530,"comment_status":"open","ping_status":"closed","template":"","meta":{"_et_pb_use_builder":"","_et_pb_old_content":"","_et_gb_content_width":"","inline_featured_image":false},"product_brand":[],"product_cat":[77],"product_tag":[],"class_list":{"0":"post-11537","1":"product","2":"type-product","3":"status-publish","4":"has-post-thumbnail","6":"product_cat-hygiene-fr","8":"first","9":"instock","10":"taxable","11":"shipping-taxable","12":"purchasable","13":"product-type-simple"},"_links":{"self":[{"href":"https:\/\/whs.lu\/fr\/wp-json\/wp\/v2\/product\/11537","targetHints":{"allow":["GET"]}}],"collection":[{"href":"https:\/\/whs.lu\/fr\/wp-json\/wp\/v2\/product"}],"about":[{"href":"https:\/\/whs.lu\/fr\/wp-json\/wp\/v2\/types\/product"}],"replies":[{"embeddable":true,"href":"https:\/\/whs.lu\/fr\/wp-json\/wp\/v2\/comments?post=11537"}],"wp:featuredmedia":[{"embeddable":true,"href":"https:\/\/whs.lu\/fr\/wp-json\/wp\/v2\/media\/11530"}],"wp:attachment":[{"href":"https:\/\/whs.lu\/fr\/wp-json\/wp\/v2\/media?parent=11537"}],"wp:term":[{"taxonomy":"product_brand","embeddable":true,"href":"https:\/\/whs.lu\/fr\/wp-json\/wp\/v2\/product_brand?post=11537"},{"taxonomy":"product_cat","embeddable":true,"href":"https:\/\/whs.lu\/fr\/wp-json\/wp\/v2\/product_cat?post=11537"},{"taxonomy":"product_tag","embeddable":true,"href":"https:\/\/whs.lu\/fr\/wp-json\/wp\/v2\/product_tag?post=11537"}],"curies":[{"name":"wp","href":"https:\/\/api.w.org\/{rel}","templated":true}]}}