{"id":11538,"date":"2025-02-12T10:33:12","date_gmt":"2025-02-12T09:33:12","guid":{"rendered":"https:\/\/whs.lu\/product\/beurer-ft70-thermometre-medical\/"},"modified":"2025-02-12T10:33:12","modified_gmt":"2025-02-12T09:33:12","slug":"beurer-ft70-thermometre-medical","status":"publish","type":"product","link":"https:\/\/whs.lu\/fr\/product\/beurer-ft70-thermometre-medical\/","title":{"rendered":"BEURER FT70 Thermom\u00e8tre m\u00e9dical"},"content":{"rendered":"","protected":false},"excerpt":{"rendered":"<ul>\n<li>Thermom\u00e8tre multifonctions<\/li>\n<li>Mesure en quelques secondes sur le front\/dans l&rsquo;oreille<\/li>\n<li>Date et heure<\/li>\n<li>Volume r\u00e9glable ou voix d\u00e9sactiv\u00e9e<\/li>\n<li>Grand \u00e9cran facile \u00e0 utiliser<\/li>\n<li>Arr\u00eat automatique<\/li>\n<li>10 emplacements de m\u00e9moire<\/li>\n<li>Convient \u00e0 toute la famille<\/li>\n<\/ul>\n","protected":false},"featured_media":11535,"comment_status":"open","ping_status":"closed","template":"","meta":{"_et_pb_use_builder":"","_et_pb_old_content":"","_et_gb_content_width":"","inline_featured_image":false},"product_brand":[],"product_cat":[77],"product_tag":[],"class_list":{"0":"post-11538","1":"product","2":"type-product","3":"status-publish","4":"has-post-thumbnail","6":"product_cat-hygiene-fr","8":"first","9":"outofstock","10":"taxable","11":"shipping-taxable","12":"purchasable","13":"product-type-simple"},"_links":{"self":[{"href":"https:\/\/whs.lu\/fr\/wp-json\/wp\/v2\/product\/11538","targetHints":{"allow":["GET"]}}],"collection":[{"href":"https:\/\/whs.lu\/fr\/wp-json\/wp\/v2\/product"}],"about":[{"href":"https:\/\/whs.lu\/fr\/wp-json\/wp\/v2\/types\/product"}],"replies":[{"embeddable":true,"href":"https:\/\/whs.lu\/fr\/wp-json\/wp\/v2\/comments?post=11538"}],"wp:featuredmedia":[{"embeddable":true,"href":"https:\/\/whs.lu\/fr\/wp-json\/wp\/v2\/media\/11535"}],"wp:attachment":[{"href":"https:\/\/whs.lu\/fr\/wp-json\/wp\/v2\/media?parent=11538"}],"wp:term":[{"taxonomy":"product_brand","embeddable":true,"href":"https:\/\/whs.lu\/fr\/wp-json\/wp\/v2\/product_brand?post=11538"},{"taxonomy":"product_cat","embeddable":true,"href":"https:\/\/whs.lu\/fr\/wp-json\/wp\/v2\/product_cat?post=11538"},{"taxonomy":"product_tag","embeddable":true,"href":"https:\/\/whs.lu\/fr\/wp-json\/wp\/v2\/product_tag?post=11538"}],"curies":[{"name":"wp","href":"https:\/\/api.w.org\/{rel}","templated":true}]}}