{"id":11539,"date":"2025-02-12T10:01:00","date_gmt":"2025-02-12T09:01:00","guid":{"rendered":"https:\/\/whs.lu\/product\/siemens-iq700-hb734g1b1-four-noir\/"},"modified":"2025-02-12T10:01:00","modified_gmt":"2025-02-12T09:01:00","slug":"siemens-iq700-hb734g1b1-four-noir","status":"publish","type":"product","link":"https:\/\/whs.lu\/fr\/product\/siemens-iq700-hb734g1b1-four-noir\/","title":{"rendered":"SIEMENS IQ700 HB734G1B1 Four noir"},"content":{"rendered":"","protected":false},"excerpt":{"rendered":"<ul>\n<li>\u00c9cran tactile int\u00e9gral TFT : utilisation intuitive gr\u00e2ce \u00e0 la navigation tactile.<\/li>\n<li>softMove : ouverture et fermeture amorties de la porte du four.<\/li>\n<li>cookControl Plus : des r\u00e9glages pr\u00e9install\u00e9s pour de meilleurs r\u00e9sultats.<\/li>\n<li>Assistant four avec commande vocale : trouver rapidement et facilement le bon programme.<\/li>\n<li>Home Connect avec contr\u00f4le \u00e0 distance : d\u00e9couvrez tout le potentiel de votre four intelligent.<\/li>\n<li>CoolStart &amp; chauffage rapide : temps de cuisson plus courts<\/li>\n<li>SoftMove : ouverture et fermeture en douceur de la porte de votre four gr\u00e2ce au m\u00e9canisme d&rsquo;amortissement intelligent<\/li>\n<li>Dimensions H x L x P : 59,5 cm x 59,4 cm x 55 cm<\/li>\n<\/ul>\n","protected":false},"featured_media":11517,"comment_status":"open","ping_status":"closed","template":"","meta":{"_et_pb_use_builder":"","_et_pb_old_content":"","_et_gb_content_width":"","inline_featured_image":false},"product_brand":[],"product_cat":[78,100],"product_tag":[],"class_list":{"0":"post-11539","1":"product","2":"type-product","3":"status-publish","4":"has-post-thumbnail","6":"product_cat-cuisiner","7":"product_cat-four","9":"first","10":"instock","11":"taxable","12":"shipping-taxable","13":"purchasable","14":"product-type-simple"},"_links":{"self":[{"href":"https:\/\/whs.lu\/fr\/wp-json\/wp\/v2\/product\/11539","targetHints":{"allow":["GET"]}}],"collection":[{"href":"https:\/\/whs.lu\/fr\/wp-json\/wp\/v2\/product"}],"about":[{"href":"https:\/\/whs.lu\/fr\/wp-json\/wp\/v2\/types\/product"}],"replies":[{"embeddable":true,"href":"https:\/\/whs.lu\/fr\/wp-json\/wp\/v2\/comments?post=11539"}],"wp:featuredmedia":[{"embeddable":true,"href":"https:\/\/whs.lu\/fr\/wp-json\/wp\/v2\/media\/11517"}],"wp:attachment":[{"href":"https:\/\/whs.lu\/fr\/wp-json\/wp\/v2\/media?parent=11539"}],"wp:term":[{"taxonomy":"product_brand","embeddable":true,"href":"https:\/\/whs.lu\/fr\/wp-json\/wp\/v2\/product_brand?post=11539"},{"taxonomy":"product_cat","embeddable":true,"href":"https:\/\/whs.lu\/fr\/wp-json\/wp\/v2\/product_cat?post=11539"},{"taxonomy":"product_tag","embeddable":true,"href":"https:\/\/whs.lu\/fr\/wp-json\/wp\/v2\/product_tag?post=11539"}],"curies":[{"name":"wp","href":"https:\/\/api.w.org\/{rel}","templated":true}]}}