{"id":11541,"date":"2025-02-12T09:55:38","date_gmt":"2025-02-12T08:55:38","guid":{"rendered":"https:\/\/whs.lu\/product\/samsung-led-crystal-uhd-gu55du7170uxzg\/"},"modified":"2025-07-01T00:03:24","modified_gmt":"2025-06-30T22:03:24","slug":"samsung-led-crystal-uhd-gu55du7170uxzg","status":"publish","type":"product","link":"https:\/\/whs.lu\/fr\/product\/samsung-led-crystal-uhd-gu55du7170uxzg\/","title":{"rendered":"SAMSUNG LED Crystal UHD GU55DU7170UXZG"},"content":{"rendered":"","protected":false},"excerpt":{"rendered":"<ul>\n<li>HDR10+, Hybrid Log-Gamma (HLG)<\/li>\n<li>Processeur Crystal 4K<\/li>\n<li>R\u00e9solution d&rsquo;\u00e9cran : 3.840 x 2.160 pixels<\/li>\n<li>Taux de rafra\u00eechissement : 50 Hz<\/li>\n<li>Syst\u00e8me d&rsquo;am\u00e9lioration de l&rsquo;image : UHD Dimming, Mega Contrast, Mode Film<\/li>\n<li>Connexions : 3x HDMI, 2x USB, 2 x entr\u00e9e d&rsquo;antenne<\/li>\n<li>Gamme dynamique \u00e9lev\u00e9e (HDR) : HDR, prise en charge de HDR10+<\/li>\n<li>R\u00e9ception de la t\u00e9l\u00e9vision num\u00e9rique : DVB-T2 HD, DVB-C, DVB-S, DVB-S2<\/li>\n<li>Bluetooth (5.2), WLAN (Wifi5), LAN<\/li>\n<\/ul>\n","protected":false},"featured_media":11408,"comment_status":"open","ping_status":"closed","template":"","meta":{"_et_pb_use_builder":"","_et_pb_old_content":"","_et_gb_content_width":"","inline_featured_image":false},"product_brand":[],"product_cat":[87],"product_tag":[],"class_list":{"0":"post-11541","1":"product","2":"type-product","3":"status-publish","4":"has-post-thumbnail","6":"product_cat-multimedia-fr","8":"first","9":"instock","10":"taxable","11":"shipping-taxable","12":"purchasable","13":"product-type-simple"},"_links":{"self":[{"href":"https:\/\/whs.lu\/fr\/wp-json\/wp\/v2\/product\/11541","targetHints":{"allow":["GET"]}}],"collection":[{"href":"https:\/\/whs.lu\/fr\/wp-json\/wp\/v2\/product"}],"about":[{"href":"https:\/\/whs.lu\/fr\/wp-json\/wp\/v2\/types\/product"}],"replies":[{"embeddable":true,"href":"https:\/\/whs.lu\/fr\/wp-json\/wp\/v2\/comments?post=11541"}],"wp:featuredmedia":[{"embeddable":true,"href":"https:\/\/whs.lu\/fr\/wp-json\/wp\/v2\/media\/11408"}],"wp:attachment":[{"href":"https:\/\/whs.lu\/fr\/wp-json\/wp\/v2\/media?parent=11541"}],"wp:term":[{"taxonomy":"product_brand","embeddable":true,"href":"https:\/\/whs.lu\/fr\/wp-json\/wp\/v2\/product_brand?post=11541"},{"taxonomy":"product_cat","embeddable":true,"href":"https:\/\/whs.lu\/fr\/wp-json\/wp\/v2\/product_cat?post=11541"},{"taxonomy":"product_tag","embeddable":true,"href":"https:\/\/whs.lu\/fr\/wp-json\/wp\/v2\/product_tag?post=11541"}],"curies":[{"name":"wp","href":"https:\/\/api.w.org\/{rel}","templated":true}]}}