{"id":11542,"date":"2025-02-12T09:57:57","date_gmt":"2025-02-12T08:57:57","guid":{"rendered":"https:\/\/whs.lu\/product\/samsung-hw-c440g-zg-barre-de-son\/"},"modified":"2025-02-12T09:57:57","modified_gmt":"2025-02-12T08:57:57","slug":"samsung-hw-c440g-zg-barre-de-son","status":"publish","type":"product","link":"https:\/\/whs.lu\/fr\/product\/samsung-hw-c440g-zg-barre-de-son\/","title":{"rendered":"SAMSUNG HW-C440G\/ZG Barre de son"},"content":{"rendered":"","protected":false},"excerpt":{"rendered":"<ul>\n<li>Le meilleur son 2.1 canaux avec 3 haut-parleurs int\u00e9gr\u00e9s et un caisson de basses externe de 5,25 pouces<\/li>\n<li>Caisson de basses int\u00e9gr\u00e9 pour des basses profondes qui donnent la chair de poule<\/li>\n<li>\u00c9largissez votre zone d&rsquo;\u00e9coute pour un son plus immersif gr\u00e2ce \u00e0 la technologie SSE (Surround Sound Expansion).<\/li>\n<li>Le mode jeu permet d&rsquo;obtenir un son de jeu 3D dynamique pendant le jeu<\/li>\n<li>Avec One Remote Control, une seule t\u00e9l\u00e9commande pour tous les terminaux<\/li>\n<li>Puissance de sortie : 270 W<\/li>\n<li>Puissance du caisson de basses : 190 W<\/li>\n<li>Formats de lecture : MP3, AAC, FLAC, AIFF, WMA, OGG, WAV<\/li>\n<li>Connectivit\u00e9 : Bluetooth, One Control, USB, 1 entr\u00e9e audio num\u00e9rique, USB version 2.0<\/li>\n<\/ul>\n","protected":false},"featured_media":11513,"comment_status":"open","ping_status":"closed","template":"","meta":{"_et_pb_use_builder":"","_et_pb_old_content":"","_et_gb_content_width":"","inline_featured_image":false},"product_brand":[],"product_cat":[87,74],"product_tag":[],"class_list":{"0":"post-11542","1":"product","2":"type-product","3":"status-publish","4":"has-post-thumbnail","6":"product_cat-multimedia-fr","7":"product_cat-prix-promotionnels","9":"first","10":"instock","11":"sale","12":"taxable","13":"shipping-taxable","14":"purchasable","15":"product-type-simple"},"_links":{"self":[{"href":"https:\/\/whs.lu\/fr\/wp-json\/wp\/v2\/product\/11542","targetHints":{"allow":["GET"]}}],"collection":[{"href":"https:\/\/whs.lu\/fr\/wp-json\/wp\/v2\/product"}],"about":[{"href":"https:\/\/whs.lu\/fr\/wp-json\/wp\/v2\/types\/product"}],"replies":[{"embeddable":true,"href":"https:\/\/whs.lu\/fr\/wp-json\/wp\/v2\/comments?post=11542"}],"wp:featuredmedia":[{"embeddable":true,"href":"https:\/\/whs.lu\/fr\/wp-json\/wp\/v2\/media\/11513"}],"wp:attachment":[{"href":"https:\/\/whs.lu\/fr\/wp-json\/wp\/v2\/media?parent=11542"}],"wp:term":[{"taxonomy":"product_brand","embeddable":true,"href":"https:\/\/whs.lu\/fr\/wp-json\/wp\/v2\/product_brand?post=11542"},{"taxonomy":"product_cat","embeddable":true,"href":"https:\/\/whs.lu\/fr\/wp-json\/wp\/v2\/product_cat?post=11542"},{"taxonomy":"product_tag","embeddable":true,"href":"https:\/\/whs.lu\/fr\/wp-json\/wp\/v2\/product_tag?post=11542"}],"curies":[{"name":"wp","href":"https:\/\/api.w.org\/{rel}","templated":true}]}}