{"id":11543,"date":"2025-02-12T08:52:52","date_gmt":"2025-02-12T07:52:52","guid":{"rendered":"https:\/\/whs.lu\/product\/guard-l1-cat-dog-flex-noir-obsidienne\/"},"modified":"2025-02-12T08:52:52","modified_gmt":"2025-02-12T07:52:52","slug":"guard-l1-cat-dog-flex-noir-obsidienne","status":"publish","type":"product","link":"https:\/\/whs.lu\/fr\/product\/guard-l1-cat-dog-flex-noir-obsidienne\/","title":{"rendered":"Guard L1 Cat &amp; Dog Flex noir obsidienne"},"content":{"rendered":"","protected":false},"excerpt":{"rendered":"<ul>\n<li>Suceur plat flexible : id\u00e9al pour les endroits difficiles \u00e0 atteindre<\/li>\n<li>Concept de design premium avec des applications \u00e9l\u00e9gantes<\/li>\n<li>Le filtre Active AirClean neutralise les mauvaises odeurs<\/li>\n<li>Hauteur personnalisable &amp; poign\u00e9e ergonomique confortable<\/li>\n<li>La puissance optimale pour chaque t\u00e2che de nettoyage : 4 modes s\u00e9lectionnables<\/li>\n<li>Suceur pour meubles et fentes 2 en 1 : pour un nettoyage sans effort<\/li>\n<li>Brosse turbo : \u00e9limine la salet\u00e9 tenace et les poils d&rsquo;animaux<\/li>\n<li>ComfortFit : con\u00e7u pour r\u00e9pondre aux normes d&rsquo;hygi\u00e8ne les plus strictes<\/li>\n<\/ul>\n","protected":false},"featured_media":11496,"comment_status":"open","ping_status":"closed","template":"","meta":{"_et_pb_use_builder":"","_et_pb_old_content":"","_et_gb_content_width":"","inline_featured_image":false},"product_brand":[],"product_cat":[85,80],"product_tag":[],"class_list":{"0":"post-11543","1":"product","2":"type-product","3":"status-publish","4":"has-post-thumbnail","6":"product_cat-miele_aspirateur","7":"product_cat-miele-fr","9":"first","10":"instock","11":"taxable","12":"shipping-taxable","13":"purchasable","14":"product-type-simple"},"_links":{"self":[{"href":"https:\/\/whs.lu\/fr\/wp-json\/wp\/v2\/product\/11543","targetHints":{"allow":["GET"]}}],"collection":[{"href":"https:\/\/whs.lu\/fr\/wp-json\/wp\/v2\/product"}],"about":[{"href":"https:\/\/whs.lu\/fr\/wp-json\/wp\/v2\/types\/product"}],"replies":[{"embeddable":true,"href":"https:\/\/whs.lu\/fr\/wp-json\/wp\/v2\/comments?post=11543"}],"wp:featuredmedia":[{"embeddable":true,"href":"https:\/\/whs.lu\/fr\/wp-json\/wp\/v2\/media\/11496"}],"wp:attachment":[{"href":"https:\/\/whs.lu\/fr\/wp-json\/wp\/v2\/media?parent=11543"}],"wp:term":[{"taxonomy":"product_brand","embeddable":true,"href":"https:\/\/whs.lu\/fr\/wp-json\/wp\/v2\/product_brand?post=11543"},{"taxonomy":"product_cat","embeddable":true,"href":"https:\/\/whs.lu\/fr\/wp-json\/wp\/v2\/product_cat?post=11543"},{"taxonomy":"product_tag","embeddable":true,"href":"https:\/\/whs.lu\/fr\/wp-json\/wp\/v2\/product_tag?post=11543"}],"curies":[{"name":"wp","href":"https:\/\/api.w.org\/{rel}","templated":true}]}}