{"id":11544,"date":"2025-02-12T09:02:14","date_gmt":"2025-02-12T08:02:14","guid":{"rendered":"https:\/\/whs.lu\/product\/siemens-iq500-wg44g2z90-lave-linge-a-9-kg\/"},"modified":"2025-07-12T00:00:20","modified_gmt":"2025-07-11T22:00:20","slug":"siemens-iq500-wg44g2z90-lave-linge-a-9-kg","status":"publish","type":"product","link":"https:\/\/whs.lu\/fr\/product\/siemens-iq500-wg44g2z90-lave-linge-a-9-kg\/","title":{"rendered":"SIEMENS IQ500 WG44G2Z90 Lave-linge A \/ 9 kg"},"content":{"rendered":"","protected":false},"excerpt":{"rendered":"<ul>\n<li>speedPack L : acc\u00e9l\u00e9rer les programmes ou laver en seulement 15 minutes<\/li>\n<li>Syst\u00e8me anti-taches : \u00e9limine quatre types de taches tenaces sans aucun traitement pr\u00e9alable.<\/li>\n<li>smartFinish : r\u00e9duit les faux plis jusqu&rsquo;\u00e0 50% &#8211; pour passer moins de temps sur la planche \u00e0 repasser.<\/li>\n<li>Programme Outdoor\/Impr\u00e9gnation &#8211; prot\u00e8ge les textiles imperm\u00e9ables.<\/li>\n<li>\u00c9clairage int\u00e9rieur du tambour Int\u00e9rieur \u00e9clair\u00e9 de mani\u00e8re optimale<\/li>\n<li>Meilleure classe d&rsquo;efficacit\u00e9 \u00e9nerg\u00e9tique A<\/li>\n<\/ul>\n","protected":false},"featured_media":11500,"comment_status":"open","ping_status":"closed","template":"","meta":{"_et_pb_use_builder":"","_et_pb_old_content":"","_et_gb_content_width":"","inline_featured_image":false},"product_brand":[],"product_cat":[91,88,74],"product_tag":[],"class_list":{"0":"post-11544","1":"product","2":"type-product","3":"status-publish","4":"has-post-thumbnail","6":"product_cat-lave-linge","7":"product_cat-laver","8":"product_cat-prix-promotionnels","10":"first","11":"outofstock","12":"taxable","13":"shipping-taxable","14":"purchasable","15":"product-type-simple"},"_links":{"self":[{"href":"https:\/\/whs.lu\/fr\/wp-json\/wp\/v2\/product\/11544","targetHints":{"allow":["GET"]}}],"collection":[{"href":"https:\/\/whs.lu\/fr\/wp-json\/wp\/v2\/product"}],"about":[{"href":"https:\/\/whs.lu\/fr\/wp-json\/wp\/v2\/types\/product"}],"replies":[{"embeddable":true,"href":"https:\/\/whs.lu\/fr\/wp-json\/wp\/v2\/comments?post=11544"}],"wp:featuredmedia":[{"embeddable":true,"href":"https:\/\/whs.lu\/fr\/wp-json\/wp\/v2\/media\/11500"}],"wp:attachment":[{"href":"https:\/\/whs.lu\/fr\/wp-json\/wp\/v2\/media?parent=11544"}],"wp:term":[{"taxonomy":"product_brand","embeddable":true,"href":"https:\/\/whs.lu\/fr\/wp-json\/wp\/v2\/product_brand?post=11544"},{"taxonomy":"product_cat","embeddable":true,"href":"https:\/\/whs.lu\/fr\/wp-json\/wp\/v2\/product_cat?post=11544"},{"taxonomy":"product_tag","embeddable":true,"href":"https:\/\/whs.lu\/fr\/wp-json\/wp\/v2\/product_tag?post=11544"}],"curies":[{"name":"wp","href":"https:\/\/api.w.org\/{rel}","templated":true}]}}