{"id":11545,"date":"2025-02-12T09:51:19","date_gmt":"2025-02-12T08:51:19","guid":{"rendered":"https:\/\/whs.lu\/product\/siemens-iq300-kg36n2ibf-refrigerateur-congelateur186-cm\/"},"modified":"2025-07-01T00:03:24","modified_gmt":"2025-06-30T22:03:24","slug":"siemens-iq300-kg36n2ibf-refrigerateur-congelateur186-cm","status":"publish","type":"product","link":"https:\/\/whs.lu\/fr\/product\/siemens-iq300-kg36n2ibf-refrigerateur-congelateur186-cm\/","title":{"rendered":"SIEMENS iQ300 KG36N2IBF R\u00e9frig\u00e9rateur-cong\u00e9lateur186 cm"},"content":{"rendered":"","protected":false},"excerpt":{"rendered":"<ul>\n<li>hyperFresh &lt;0\u00b0C&gt;: plus d&rsquo;espace pour les fruits et l\u00e9gumes. Et un environnement particuli\u00e8rement froid pour le poisson et la viande. <\/li>\n<li>Dos brillant avec multiAirflow : aliments et boissons uniform\u00e9ment refroidis \u00e0 tous les niveaux.<\/li>\n<li>superR\u00e9frig\u00e9rer : abaisse la temp\u00e9rature pendant une dur\u00e9e d\u00e9termin\u00e9e afin de refroidir rapidement les aliments frais.<\/li>\n<li>bottleRack : Rangement des bouteilles en toute s\u00e9curit\u00e9 et \u00e0 port\u00e9e de main.<\/li>\n<li>R\u00e9glage individuel de la temp\u00e9rature : le r\u00e9glage s\u00e9par\u00e9 de la temp\u00e9rature des zones de r\u00e9frig\u00e9ration et de cong\u00e9lation peut aider \u00e0 \u00e9conomiser l&rsquo;\u00e9nergie.<\/li>\n<li>Dimensions H x L x P : 186 cm x 60 cm x 66,5 cm<\/li>\n<\/ul>\n","protected":false},"featured_media":11505,"comment_status":"open","ping_status":"closed","template":"","meta":{"_et_pb_use_builder":"","_et_pb_old_content":"","_et_gb_content_width":"","inline_featured_image":false},"product_brand":[],"product_cat":[74,79],"product_tag":[],"class_list":{"0":"post-11545","1":"product","2":"type-product","3":"status-publish","4":"has-post-thumbnail","6":"product_cat-prix-promotionnels","7":"product_cat-refrigerer","9":"first","10":"instock","11":"taxable","12":"shipping-taxable","13":"purchasable","14":"product-type-simple"},"_links":{"self":[{"href":"https:\/\/whs.lu\/fr\/wp-json\/wp\/v2\/product\/11545","targetHints":{"allow":["GET"]}}],"collection":[{"href":"https:\/\/whs.lu\/fr\/wp-json\/wp\/v2\/product"}],"about":[{"href":"https:\/\/whs.lu\/fr\/wp-json\/wp\/v2\/types\/product"}],"replies":[{"embeddable":true,"href":"https:\/\/whs.lu\/fr\/wp-json\/wp\/v2\/comments?post=11545"}],"wp:featuredmedia":[{"embeddable":true,"href":"https:\/\/whs.lu\/fr\/wp-json\/wp\/v2\/media\/11505"}],"wp:attachment":[{"href":"https:\/\/whs.lu\/fr\/wp-json\/wp\/v2\/media?parent=11545"}],"wp:term":[{"taxonomy":"product_brand","embeddable":true,"href":"https:\/\/whs.lu\/fr\/wp-json\/wp\/v2\/product_brand?post=11545"},{"taxonomy":"product_cat","embeddable":true,"href":"https:\/\/whs.lu\/fr\/wp-json\/wp\/v2\/product_cat?post=11545"},{"taxonomy":"product_tag","embeddable":true,"href":"https:\/\/whs.lu\/fr\/wp-json\/wp\/v2\/product_tag?post=11545"}],"curies":[{"name":"wp","href":"https:\/\/api.w.org\/{rel}","templated":true}]}}