{"id":11547,"date":"2025-02-12T08:50:06","date_gmt":"2025-02-12T07:50:06","guid":{"rendered":"https:\/\/whs.lu\/product\/guard-s1-flex-bleu-nordique\/"},"modified":"2025-06-23T17:55:57","modified_gmt":"2025-06-23T15:55:57","slug":"guard-s1-flex-bleu-nordique","status":"publish","type":"product","link":"https:\/\/whs.lu\/fr\/product\/guard-s1-flex-bleu-nordique\/","title":{"rendered":"Guard S1 Flex bleu nordique"},"content":{"rendered":"","protected":false},"excerpt":{"rendered":"<ul>\n<li>ComfortFit : con\u00e7u pour r\u00e9pondre aux normes d&rsquo;hygi\u00e8ne les plus strictes<\/li>\n<li>Une manipulation sans effort gr\u00e2ce \u00e0 un design l\u00e9ger et compact<\/li>\n<li>Nettoyage sans effort des grandes surfaces : rayon d&rsquo;action de 10 m<\/li>\n<li>Tube t\u00e9lescopique EasySlide r\u00e9glable en hauteur<\/li>\n<li>Capacit\u00e9 de r\u00e9tention de la poussi\u00e8re de 99,99% gr\u00e2ce au filtre AirClean<\/li>\n<li>Poign\u00e9e ergonomique pour une utilisation confortable<\/li>\n<\/ul>\n","protected":false},"featured_media":11492,"comment_status":"open","ping_status":"closed","template":"","meta":{"_et_pb_use_builder":"","_et_pb_old_content":"","_et_gb_content_width":"","inline_featured_image":false},"product_brand":[],"product_cat":[85,80],"product_tag":[],"class_list":{"0":"post-11547","1":"product","2":"type-product","3":"status-publish","4":"has-post-thumbnail","6":"product_cat-miele_aspirateur","7":"product_cat-miele-fr","9":"first","10":"instock","11":"taxable","12":"shipping-taxable","13":"purchasable","14":"product-type-simple"},"_links":{"self":[{"href":"https:\/\/whs.lu\/fr\/wp-json\/wp\/v2\/product\/11547","targetHints":{"allow":["GET"]}}],"collection":[{"href":"https:\/\/whs.lu\/fr\/wp-json\/wp\/v2\/product"}],"about":[{"href":"https:\/\/whs.lu\/fr\/wp-json\/wp\/v2\/types\/product"}],"replies":[{"embeddable":true,"href":"https:\/\/whs.lu\/fr\/wp-json\/wp\/v2\/comments?post=11547"}],"wp:featuredmedia":[{"embeddable":true,"href":"https:\/\/whs.lu\/fr\/wp-json\/wp\/v2\/media\/11492"}],"wp:attachment":[{"href":"https:\/\/whs.lu\/fr\/wp-json\/wp\/v2\/media?parent=11547"}],"wp:term":[{"taxonomy":"product_brand","embeddable":true,"href":"https:\/\/whs.lu\/fr\/wp-json\/wp\/v2\/product_brand?post=11547"},{"taxonomy":"product_cat","embeddable":true,"href":"https:\/\/whs.lu\/fr\/wp-json\/wp\/v2\/product_cat?post=11547"},{"taxonomy":"product_tag","embeddable":true,"href":"https:\/\/whs.lu\/fr\/wp-json\/wp\/v2\/product_tag?post=11547"}],"curies":[{"name":"wp","href":"https:\/\/api.w.org\/{rel}","templated":true}]}}