{"id":11548,"date":"2025-01-29T10:36:56","date_gmt":"2025-01-29T09:36:56","guid":{"rendered":"https:\/\/whs.lu\/product\/bosch-machine-a-cafe-filtre-mymoment-blanc-noir-rouge\/"},"modified":"2025-01-29T10:36:56","modified_gmt":"2025-01-29T09:36:56","slug":"bosch-machine-a-cafe-filtre-mymoment-blanc-noir-rouge","status":"publish","type":"product","link":"https:\/\/whs.lu\/fr\/product\/bosch-machine-a-cafe-filtre-mymoment-blanc-noir-rouge\/","title":{"rendered":"BOSCH Machine \u00e0 caf\u00e9 filtre, MyMoment, Blanc \/ Noir \/ Rouge"},"content":{"rendered":"","protected":false},"excerpt":{"rendered":"<div id=\"zoom-placeholder\" class=\"c-product__detail c-product-details\">\n<p>&nbsp;<\/p>\n<ul>\n<li>R\u00e9servoir d&rsquo;eau amovible : facile et rapide \u00e0 remplir directement sous le robinet.<\/li>\n<li>Auto-off : s\u00fbr et \u00e9conome en \u00e9nergie, l&rsquo;appareil s&rsquo;\u00e9teint automatiquement apr\u00e8s 40 minutes de maintien au chaud.<\/li>\n<li>Support de filtre pivotant : le filtre en papier est facile \u00e0 remplir et \u00e0 retirer gr\u00e2ce au support de filtre pivotant.<\/li>\n<li>Stop-gouttes : plus de gouttes ou de taches si vous enlevez la verseuse pendant la pr\u00e9paration.<\/li>\n<li>Grande ouverture du pot : pour un nettoyage particuli\u00e8rement confortable et rapide<\/li>\n<\/ul>\n<ul id=\"productIcons\" class=\"c-feature-icons\"><\/ul>\n<\/div>\n<div class=\"c-product__footer\">\n<div class=\"c-shop-product__energy-info\"><\/div>\n<div class=\"c-shop-product js-shop-product\" data-vib=\"TKA2M111\" data-availability-in-stock=\"false\">\n<div class=\"price-container\">\n<div class=\"c-shop-product__price-list\"><\/div>\n<\/div>\n<\/div>\n<\/div>\n","protected":false},"featured_media":11453,"comment_status":"open","ping_status":"closed","template":"","meta":{"_et_pb_use_builder":"","_et_pb_old_content":"","_et_gb_content_width":"","inline_featured_image":false},"product_brand":[],"product_cat":[76],"product_tag":[],"class_list":{"0":"post-11548","1":"product","2":"type-product","3":"status-publish","4":"has-post-thumbnail","6":"product_cat-menage","8":"first","9":"instock","10":"taxable","11":"shipping-taxable","12":"purchasable","13":"product-type-simple"},"_links":{"self":[{"href":"https:\/\/whs.lu\/fr\/wp-json\/wp\/v2\/product\/11548","targetHints":{"allow":["GET"]}}],"collection":[{"href":"https:\/\/whs.lu\/fr\/wp-json\/wp\/v2\/product"}],"about":[{"href":"https:\/\/whs.lu\/fr\/wp-json\/wp\/v2\/types\/product"}],"replies":[{"embeddable":true,"href":"https:\/\/whs.lu\/fr\/wp-json\/wp\/v2\/comments?post=11548"}],"wp:featuredmedia":[{"embeddable":true,"href":"https:\/\/whs.lu\/fr\/wp-json\/wp\/v2\/media\/11453"}],"wp:attachment":[{"href":"https:\/\/whs.lu\/fr\/wp-json\/wp\/v2\/media?parent=11548"}],"wp:term":[{"taxonomy":"product_brand","embeddable":true,"href":"https:\/\/whs.lu\/fr\/wp-json\/wp\/v2\/product_brand?post=11548"},{"taxonomy":"product_cat","embeddable":true,"href":"https:\/\/whs.lu\/fr\/wp-json\/wp\/v2\/product_cat?post=11548"},{"taxonomy":"product_tag","embeddable":true,"href":"https:\/\/whs.lu\/fr\/wp-json\/wp\/v2\/product_tag?post=11548"}],"curies":[{"name":"wp","href":"https:\/\/api.w.org\/{rel}","templated":true}]}}