{"id":11549,"date":"2025-02-12T08:38:55","date_gmt":"2025-02-12T07:38:55","guid":{"rendered":"https:\/\/whs.lu\/product\/kenwood-chp61000wh-hachoir-500w-blanc\/"},"modified":"2025-02-12T08:38:55","modified_gmt":"2025-02-12T07:38:55","slug":"kenwood-chp61000wh-hachoir-500w-blanc","status":"publish","type":"product","link":"https:\/\/whs.lu\/fr\/product\/kenwood-chp61000wh-hachoir-500w-blanc\/","title":{"rendered":"KENWOOD CHP61000WH Hachoir 500W Blanc"},"content":{"rendered":"","protected":false},"excerpt":{"rendered":"<ul>\n<li>Les 4 lames tranchantes du hachoir garantissent un traitement uniforme et efficace des ingr\u00e9dients.<\/li>\n<li>Avec ses 500 watts, l&rsquo;appareil vient facilement \u00e0 bout des aliments les plus durs.<\/li>\n<li>2 niveaux de puissance offrent une flexibilit\u00e9 pour diff\u00e9rentes applications, du hachage grossier au broyage fin.<\/li>\n<li>Le bol de mixage a une capacit\u00e9 de 0,5 litre et permet de pr\u00e9parer des aliments \u00e0 consommer imm\u00e9diatement ou \u00e0 conserver.<\/li>\n<\/ul>\n","protected":false},"featured_media":11480,"comment_status":"open","ping_status":"closed","template":"","meta":{"_et_pb_use_builder":"","_et_pb_old_content":"","_et_gb_content_width":"","inline_featured_image":false},"product_brand":[],"product_cat":[76,74],"product_tag":[],"class_list":{"0":"post-11549","1":"product","2":"type-product","3":"status-publish","4":"has-post-thumbnail","6":"product_cat-menage","7":"product_cat-prix-promotionnels","9":"first","10":"instock","11":"sale","12":"taxable","13":"shipping-taxable","14":"purchasable","15":"product-type-simple"},"_links":{"self":[{"href":"https:\/\/whs.lu\/fr\/wp-json\/wp\/v2\/product\/11549","targetHints":{"allow":["GET"]}}],"collection":[{"href":"https:\/\/whs.lu\/fr\/wp-json\/wp\/v2\/product"}],"about":[{"href":"https:\/\/whs.lu\/fr\/wp-json\/wp\/v2\/types\/product"}],"replies":[{"embeddable":true,"href":"https:\/\/whs.lu\/fr\/wp-json\/wp\/v2\/comments?post=11549"}],"wp:featuredmedia":[{"embeddable":true,"href":"https:\/\/whs.lu\/fr\/wp-json\/wp\/v2\/media\/11480"}],"wp:attachment":[{"href":"https:\/\/whs.lu\/fr\/wp-json\/wp\/v2\/media?parent=11549"}],"wp:term":[{"taxonomy":"product_brand","embeddable":true,"href":"https:\/\/whs.lu\/fr\/wp-json\/wp\/v2\/product_brand?post=11549"},{"taxonomy":"product_cat","embeddable":true,"href":"https:\/\/whs.lu\/fr\/wp-json\/wp\/v2\/product_cat?post=11549"},{"taxonomy":"product_tag","embeddable":true,"href":"https:\/\/whs.lu\/fr\/wp-json\/wp\/v2\/product_tag?post=11549"}],"curies":[{"name":"wp","href":"https:\/\/api.w.org\/{rel}","templated":true}]}}