{"id":11550,"date":"2025-02-12T08:40:42","date_gmt":"2025-02-12T07:40:42","guid":{"rendered":"https:\/\/whs.lu\/product\/braun-grille-pain-1000w-blanc\/"},"modified":"2025-02-12T08:40:42","modified_gmt":"2025-02-12T07:40:42","slug":"braun-grille-pain-1000w-blanc","status":"publish","type":"product","link":"https:\/\/whs.lu\/fr\/product\/braun-grille-pain-1000w-blanc\/","title":{"rendered":"BRAUN Grille-pain 1000W Blanc"},"content":{"rendered":"","protected":false},"excerpt":{"rendered":"<ul>\n<li>Pelle \u00e0 pain manuelle Gr\u00e2ce \u00e0 la pelle \u00e0 pain manuelle, le pain peut \u00eatre soulev\u00e9 et retir\u00e9 en toute s\u00e9curit\u00e9.<\/li>\n<li>Facilit\u00e9 d&rsquo;utilisation Les boutons de pr\u00e9chauffage, d&rsquo;arr\u00eat et de d\u00e9cong\u00e9lation sont accessibles depuis le haut du grille-pain. Le r\u00e9glage du degr\u00e9 de grillage et le bouton de levage sont positionn\u00e9s sur le c\u00f4t\u00e9 du grille-pain. <\/li>\n<li>Tiroir \u00e0 miettes amovible Toutes les miettes peuvent \u00eatre facilement \u00e9limin\u00e9es.<\/li>\n<li>7 niveaux de brunissage vous permettent de choisir votre degr\u00e9 de brunissage pr\u00e9f\u00e9r\u00e9.<\/li>\n<li>Support \u00e0 petits pains s\u00e9par\u00e9 : le support \u00e0 petits pains amovible permet de r\u00e9chauffer ou de griller le pain et les produits de boulangerie.<\/li>\n<\/ul>\n","protected":false},"featured_media":11484,"comment_status":"open","ping_status":"closed","template":"","meta":{"_et_pb_use_builder":"","_et_pb_old_content":"","_et_gb_content_width":"","inline_featured_image":false},"product_brand":[],"product_cat":[76,74],"product_tag":[],"class_list":{"0":"post-11550","1":"product","2":"type-product","3":"status-publish","4":"has-post-thumbnail","6":"product_cat-menage","7":"product_cat-prix-promotionnels","9":"first","10":"instock","11":"sale","12":"taxable","13":"shipping-taxable","14":"purchasable","15":"product-type-simple"},"_links":{"self":[{"href":"https:\/\/whs.lu\/fr\/wp-json\/wp\/v2\/product\/11550","targetHints":{"allow":["GET"]}}],"collection":[{"href":"https:\/\/whs.lu\/fr\/wp-json\/wp\/v2\/product"}],"about":[{"href":"https:\/\/whs.lu\/fr\/wp-json\/wp\/v2\/types\/product"}],"replies":[{"embeddable":true,"href":"https:\/\/whs.lu\/fr\/wp-json\/wp\/v2\/comments?post=11550"}],"wp:featuredmedia":[{"embeddable":true,"href":"https:\/\/whs.lu\/fr\/wp-json\/wp\/v2\/media\/11484"}],"wp:attachment":[{"href":"https:\/\/whs.lu\/fr\/wp-json\/wp\/v2\/media?parent=11550"}],"wp:term":[{"taxonomy":"product_brand","embeddable":true,"href":"https:\/\/whs.lu\/fr\/wp-json\/wp\/v2\/product_brand?post=11550"},{"taxonomy":"product_cat","embeddable":true,"href":"https:\/\/whs.lu\/fr\/wp-json\/wp\/v2\/product_cat?post=11550"},{"taxonomy":"product_tag","embeddable":true,"href":"https:\/\/whs.lu\/fr\/wp-json\/wp\/v2\/product_tag?post=11550"}],"curies":[{"name":"wp","href":"https:\/\/api.w.org\/{rel}","templated":true}]}}