{"id":11551,"date":"2025-01-21T10:57:48","date_gmt":"2025-01-21T09:57:48","guid":{"rendered":"https:\/\/whs.lu\/product\/ninja-nc501eu-creami-deluxe-machine-a-glacons-10-en-1\/"},"modified":"2025-11-13T11:30:47","modified_gmt":"2025-11-13T10:30:47","slug":"ninja-nc501eu-creami-deluxe-machine-a-glacons-10-en-1","status":"publish","type":"product","link":"https:\/\/whs.lu\/fr\/product\/ninja-nc501eu-creami-deluxe-machine-a-glacons-10-en-1\/","title":{"rendered":"NINJA NC501EU Creami Deluxe Machine \u00e0 gla\u00e7ons 10-en-1"},"content":{"rendered":"","protected":false},"excerpt":{"rendered":"<ul>\n<li>Savourez les classiques de CREAMi comme <strong>la cr\u00e8me glac\u00e9e<\/strong>, <strong>la gelato et les mix-in<\/strong>. Ou d\u00e9couvrez de nouvelles fonctions passionnantes comme <strong>les slushis<\/strong>, <strong>les frapp\u00e9s<\/strong>, les <strong>yaourts glac\u00e9s<\/strong> et <strong>les boissons glac\u00e9es<\/strong>. <\/li>\n<li>Le CREAMi Deluxe contient <strong>50% de plus que le Ninja CREAMi original<\/strong>, ce qui vous permet de pr\u00e9parer encore plus de gourmandises.<\/li>\n<li>Dans le livret de recettes CREAMi, vous trouverez tout ce dont vous avez besoin pour <strong>cr\u00e9er<\/strong> <strong>des boissons<\/strong> <strong>et<\/strong> <strong>des desserts<\/strong>. Et comme vous avez le pouvoir entre les mains, vous pouvez d\u00e9guster \u00e0 tout moment des gourmandises <strong>\u00e0 faible teneur en sucre, v\u00e9g\u00e9taliennes<\/strong> ou <strong>sans produits laitiers<\/strong>. <\/li>\n<li>Le Ninja CREAMi Deluxe dispose de <strong>10 programmes : Cr\u00e8me glac\u00e9e, Sorbet, Alternatives \u00e0 la cr\u00e8me glac\u00e9e, Gelato, Milkshake, Mix-In, Frappe, Boisson glac\u00e9e, Slushi &amp; Yogourt glac\u00e9.<\/strong><\/li>\n<li>Les pi\u00e8ces amovibles, y compris les r\u00e9cipients et les couvercles Deluxe, le bol ext\u00e9rieur, le couvercle et la palette, <strong>passent au lave-vaisselle<\/strong> pour un nettoyage facile.<\/li>\n<\/ul>\n","protected":false},"featured_media":11444,"comment_status":"open","ping_status":"closed","template":"","meta":{"_et_pb_use_builder":"","_et_pb_old_content":"","_et_gb_content_width":"","inline_featured_image":false},"product_brand":[],"product_cat":[76],"product_tag":[],"class_list":{"0":"post-11551","1":"product","2":"type-product","3":"status-publish","4":"has-post-thumbnail","6":"product_cat-menage","8":"first","9":"instock","10":"taxable","11":"shipping-taxable","12":"purchasable","13":"product-type-simple"},"_links":{"self":[{"href":"https:\/\/whs.lu\/fr\/wp-json\/wp\/v2\/product\/11551","targetHints":{"allow":["GET"]}}],"collection":[{"href":"https:\/\/whs.lu\/fr\/wp-json\/wp\/v2\/product"}],"about":[{"href":"https:\/\/whs.lu\/fr\/wp-json\/wp\/v2\/types\/product"}],"replies":[{"embeddable":true,"href":"https:\/\/whs.lu\/fr\/wp-json\/wp\/v2\/comments?post=11551"}],"wp:featuredmedia":[{"embeddable":true,"href":"https:\/\/whs.lu\/fr\/wp-json\/wp\/v2\/media\/11444"}],"wp:attachment":[{"href":"https:\/\/whs.lu\/fr\/wp-json\/wp\/v2\/media?parent=11551"}],"wp:term":[{"taxonomy":"product_brand","embeddable":true,"href":"https:\/\/whs.lu\/fr\/wp-json\/wp\/v2\/product_brand?post=11551"},{"taxonomy":"product_cat","embeddable":true,"href":"https:\/\/whs.lu\/fr\/wp-json\/wp\/v2\/product_cat?post=11551"},{"taxonomy":"product_tag","embeddable":true,"href":"https:\/\/whs.lu\/fr\/wp-json\/wp\/v2\/product_tag?post=11551"}],"curies":[{"name":"wp","href":"https:\/\/api.w.org\/{rel}","templated":true}]}}