{"id":11552,"date":"2025-01-29T10:42:11","date_gmt":"2025-01-29T09:42:11","guid":{"rendered":"https:\/\/whs.lu\/product\/bosch-micro-ondes-independant-acier-inoxydable-ffl020ms2-noir-ou-blanc\/"},"modified":"2025-02-16T00:04:24","modified_gmt":"2025-02-15T23:04:24","slug":"bosch-micro-ondes-independant-acier-inoxydable-ffl020ms2-noir-ou-blanc","status":"publish","type":"product","link":"https:\/\/whs.lu\/fr\/product\/bosch-micro-ondes-independant-acier-inoxydable-ffl020ms2-noir-ou-blanc\/","title":{"rendered":"BOSCH Micro-ondes ind\u00e9pendant, Acier inoxydable FFL020MS2 Noir ou Blanc"},"content":{"rendered":"","protected":false},"excerpt":{"rendered":"<ul>\n<li>Max. Puissance : 800 W ; 5 niveaux de puissance du micro-ondes : 90 W, 180 W, 360 W, 600 W, 800 W <\/li>\n<li>Volume de la chambre de cuisson : 20 l<\/li>\n<li class=\"c-product-details__description c-product__hide-gridview\">utoPilot 8 : chaque plat est parfaitement r\u00e9ussi gr\u00e2ce \u00e0 8 programmes automatiques pr\u00e9d\u00e9finis.<\/li>\n<li class=\"c-product-details__description c-product__hide-gridview\">Contr\u00f4le de l&rsquo;\u00e9cran LED rouge : facile \u00e0 utiliser gr\u00e2ce aux fonctions de temporisation.<\/li>\n<li class=\"c-product-details__description c-product__hide-gridview\">\u00c9clairage LED : \u00e9clairage parfait des plats avec une consommation minimale.<\/li>\n<li class=\"c-product-details__description c-product__hide-gridview\">Bouton Favoris : enregistrez votre param\u00e8tre pr\u00e9f\u00e9r\u00e9<\/li>\n<li class=\"c-product-details__description c-product__hide-gridview\">QuickStart : r\u00e9chauffez vos aliments d&rsquo;une simple pression sur un bouton.<\/li>\n<li>Dimensions : 44x26cm<\/li>\n<\/ul>\n","protected":false},"featured_media":11462,"comment_status":"open","ping_status":"closed","template":"","meta":{"_et_pb_use_builder":"","_et_pb_old_content":"","_et_gb_content_width":"","inline_featured_image":false},"product_brand":[],"product_cat":[78,74],"product_tag":[],"class_list":{"0":"post-11552","1":"product","2":"type-product","3":"status-publish","4":"has-post-thumbnail","6":"product_cat-cuisiner","7":"product_cat-prix-promotionnels","9":"first","10":"instock","11":"taxable","12":"shipping-taxable","13":"purchasable","14":"product-type-simple"},"_links":{"self":[{"href":"https:\/\/whs.lu\/fr\/wp-json\/wp\/v2\/product\/11552","targetHints":{"allow":["GET"]}}],"collection":[{"href":"https:\/\/whs.lu\/fr\/wp-json\/wp\/v2\/product"}],"about":[{"href":"https:\/\/whs.lu\/fr\/wp-json\/wp\/v2\/types\/product"}],"replies":[{"embeddable":true,"href":"https:\/\/whs.lu\/fr\/wp-json\/wp\/v2\/comments?post=11552"}],"wp:featuredmedia":[{"embeddable":true,"href":"https:\/\/whs.lu\/fr\/wp-json\/wp\/v2\/media\/11462"}],"wp:attachment":[{"href":"https:\/\/whs.lu\/fr\/wp-json\/wp\/v2\/media?parent=11552"}],"wp:term":[{"taxonomy":"product_brand","embeddable":true,"href":"https:\/\/whs.lu\/fr\/wp-json\/wp\/v2\/product_brand?post=11552"},{"taxonomy":"product_cat","embeddable":true,"href":"https:\/\/whs.lu\/fr\/wp-json\/wp\/v2\/product_cat?post=11552"},{"taxonomy":"product_tag","embeddable":true,"href":"https:\/\/whs.lu\/fr\/wp-json\/wp\/v2\/product_tag?post=11552"}],"curies":[{"name":"wp","href":"https:\/\/api.w.org\/{rel}","templated":true}]}}