{"id":11554,"date":"2025-01-21T10:53:31","date_gmt":"2025-01-21T09:53:31","guid":{"rendered":"https:\/\/whs.lu\/product\/ninja-af180eu-friteuse-a-air-chaud-max-pro-62-l\/"},"modified":"2025-02-17T00:04:14","modified_gmt":"2025-02-16T23:04:14","slug":"ninja-af180eu-friteuse-a-air-chaud-max-pro-62-l","status":"publish","type":"product","link":"https:\/\/whs.lu\/fr\/product\/ninja-af180eu-friteuse-a-air-chaud-max-pro-62-l\/","title":{"rendered":"NINJA AF180EU Friteuse \u00e0 air chaud Max Pro 6,2 L"},"content":{"rendered":"","protected":false},"excerpt":{"rendered":"<ul>\n<li>Grande friteuse \u00e0 air chaud avec un tiroir pouvant contenir jusqu&rsquo;\u00e0 4 poitrines de poulet<\/li>\n<li><b>Friture plus saine<\/b>: jusqu&rsquo;\u00e0 <b>75% de graisse en moins<\/b> par rapport aux m\u00e9thodes de friture traditionnelles<\/li>\n<li><b>6 fonctions de cuisson<\/b>: Friture \u00e0 air chaud, Max Crisp, Cuisson, R\u00f4tissage, D\u00e9shydratation, R\u00e9chauffage<\/li>\n<li>Comprend un tiroir de 6,2 litres r\u00e9sistant au lave-vaisselle, une grille Crisper et un livre de recettes<\/li>\n<\/ul>\n","protected":false},"featured_media":11440,"comment_status":"open","ping_status":"closed","template":"","meta":{"_et_pb_use_builder":"","_et_pb_old_content":"","_et_gb_content_width":"","inline_featured_image":false},"product_brand":[],"product_cat":[76,74],"product_tag":[],"class_list":{"0":"post-11554","1":"product","2":"type-product","3":"status-publish","4":"has-post-thumbnail","6":"product_cat-menage","7":"product_cat-prix-promotionnels","9":"first","10":"outofstock","11":"taxable","12":"shipping-taxable","13":"purchasable","14":"product-type-simple"},"_links":{"self":[{"href":"https:\/\/whs.lu\/fr\/wp-json\/wp\/v2\/product\/11554","targetHints":{"allow":["GET"]}}],"collection":[{"href":"https:\/\/whs.lu\/fr\/wp-json\/wp\/v2\/product"}],"about":[{"href":"https:\/\/whs.lu\/fr\/wp-json\/wp\/v2\/types\/product"}],"replies":[{"embeddable":true,"href":"https:\/\/whs.lu\/fr\/wp-json\/wp\/v2\/comments?post=11554"}],"wp:featuredmedia":[{"embeddable":true,"href":"https:\/\/whs.lu\/fr\/wp-json\/wp\/v2\/media\/11440"}],"wp:attachment":[{"href":"https:\/\/whs.lu\/fr\/wp-json\/wp\/v2\/media?parent=11554"}],"wp:term":[{"taxonomy":"product_brand","embeddable":true,"href":"https:\/\/whs.lu\/fr\/wp-json\/wp\/v2\/product_brand?post=11554"},{"taxonomy":"product_cat","embeddable":true,"href":"https:\/\/whs.lu\/fr\/wp-json\/wp\/v2\/product_cat?post=11554"},{"taxonomy":"product_tag","embeddable":true,"href":"https:\/\/whs.lu\/fr\/wp-json\/wp\/v2\/product_tag?post=11554"}],"curies":[{"name":"wp","href":"https:\/\/api.w.org\/{rel}","templated":true}]}}