{"id":11555,"date":"2025-01-20T12:36:07","date_gmt":"2025-01-20T11:36:07","guid":{"rendered":"https:\/\/whs.lu\/product\/philips-hr2684-00-mixeur-plongeant\/"},"modified":"2025-01-20T12:36:07","modified_gmt":"2025-01-20T11:36:07","slug":"philips-hr2684-00-mixeur-plongeant","status":"publish","type":"product","link":"https:\/\/whs.lu\/fr\/product\/philips-hr2684-00-mixeur-plongeant\/","title":{"rendered":"PHILIPS HR2684-00 Mixeur plongeant"},"content":{"rendered":"","protected":false},"excerpt":{"rendered":"<ul>\n<li>Puissance de 1200 watts pour un broyage optimal<\/li>\n<li>Un mixage plus rapide et plus homog\u00e8ne gr\u00e2ce \u00e0 la technologie ProMix<\/li>\n<li>Coupeuse de spirales pour l&rsquo;utilisation de p\u00e2tes comme les spaghettis, les linguines et les fils de p\u00e2tes \u00e9pais<\/li>\n<li>Accessoire hachoir XL Vous pouvez hacher de la viande, des oignons et des \u00e9pices, moudre des noix, etc.<\/li>\n<li>Technologie SpeedTouch pour un contr\u00f4le intuitif<\/li>\n<li>L&rsquo;indicateur de vitesse LED vous permet de pr\u00e9parer vos plats pr\u00e9f\u00e9r\u00e9s facilement et avec pr\u00e9cision<\/li>\n<li>Nettoyage rapide : il suffit de d\u00e9brancher le mixeur plongeant et de le rincer sous l&rsquo;eau courante.<\/li>\n<\/ul>\n","protected":false},"featured_media":11427,"comment_status":"open","ping_status":"closed","template":"","meta":{"_et_pb_use_builder":"","_et_pb_old_content":"","_et_gb_content_width":"","inline_featured_image":false},"product_brand":[],"product_cat":[76],"product_tag":[],"class_list":{"0":"post-11555","1":"product","2":"type-product","3":"status-publish","4":"has-post-thumbnail","6":"product_cat-menage","8":"first","9":"instock","10":"taxable","11":"shipping-taxable","12":"purchasable","13":"product-type-simple"},"_links":{"self":[{"href":"https:\/\/whs.lu\/fr\/wp-json\/wp\/v2\/product\/11555","targetHints":{"allow":["GET"]}}],"collection":[{"href":"https:\/\/whs.lu\/fr\/wp-json\/wp\/v2\/product"}],"about":[{"href":"https:\/\/whs.lu\/fr\/wp-json\/wp\/v2\/types\/product"}],"replies":[{"embeddable":true,"href":"https:\/\/whs.lu\/fr\/wp-json\/wp\/v2\/comments?post=11555"}],"wp:featuredmedia":[{"embeddable":true,"href":"https:\/\/whs.lu\/fr\/wp-json\/wp\/v2\/media\/11427"}],"wp:attachment":[{"href":"https:\/\/whs.lu\/fr\/wp-json\/wp\/v2\/media?parent=11555"}],"wp:term":[{"taxonomy":"product_brand","embeddable":true,"href":"https:\/\/whs.lu\/fr\/wp-json\/wp\/v2\/product_brand?post=11555"},{"taxonomy":"product_cat","embeddable":true,"href":"https:\/\/whs.lu\/fr\/wp-json\/wp\/v2\/product_cat?post=11555"},{"taxonomy":"product_tag","embeddable":true,"href":"https:\/\/whs.lu\/fr\/wp-json\/wp\/v2\/product_tag?post=11555"}],"curies":[{"name":"wp","href":"https:\/\/api.w.org\/{rel}","templated":true}]}}