{"id":11556,"date":"2025-01-20T13:15:00","date_gmt":"2025-01-20T12:15:00","guid":{"rendered":"https:\/\/whs.lu\/product\/lave-vaisselle-entierement-integre-g-5355-scvi-xxl-active-plus-acier-inoxydable\/"},"modified":"2025-01-20T13:15:00","modified_gmt":"2025-01-20T12:15:00","slug":"lave-vaisselle-entierement-integre-g-5355-scvi-xxl-active-plus-acier-inoxydable","status":"publish","type":"product","link":"https:\/\/whs.lu\/fr\/product\/lave-vaisselle-entierement-integre-g-5355-scvi-xxl-active-plus-acier-inoxydable\/","title":{"rendered":"Lave-vaisselle enti\u00e8rement int\u00e9gr\u00e9 G 5355 SCVI XXL &#8211; Active Plus Acier inoxydable"},"content":{"rendered":"","protected":false},"excerpt":{"rendered":"<ul>\n<li>QuickPowerWash : des r\u00e9sultats exceptionnels en moins d&rsquo;une heure<\/li>\n<li>Le tiroir multiflex 3D offre un confort maximal<\/li>\n<li>R\u00e9sultats de s\u00e9chage optimaux gr\u00e2ce \u00e0<\/li>\n<li>S\u00e9chage AutoOpen<\/li>\n<li>Paniers Comfort : une conception de panier flexible id\u00e9ale pour le quotidien<\/li>\n<li>Classe d&rsquo;efficacit\u00e9 \u00e9nerg\u00e9tique : C<\/li>\n<li>  Dimensions : H x L x P : 84,5 cm \u00e0 91 cm x 59,8 cm x 55 cm<\/li>\n<\/ul>\n","protected":false},"featured_media":11432,"comment_status":"open","ping_status":"closed","template":"","meta":{"_et_pb_use_builder":"","_et_pb_old_content":"","_et_gb_content_width":"","inline_featured_image":false},"product_brand":[],"product_cat":[82,80],"product_tag":[],"class_list":{"0":"post-11556","1":"product","2":"type-product","3":"status-publish","4":"has-post-thumbnail","6":"product_cat-miele_cuisine","7":"product_cat-miele-fr","9":"first","10":"instock","11":"taxable","12":"shipping-taxable","13":"purchasable","14":"product-type-simple"},"_links":{"self":[{"href":"https:\/\/whs.lu\/fr\/wp-json\/wp\/v2\/product\/11556","targetHints":{"allow":["GET"]}}],"collection":[{"href":"https:\/\/whs.lu\/fr\/wp-json\/wp\/v2\/product"}],"about":[{"href":"https:\/\/whs.lu\/fr\/wp-json\/wp\/v2\/types\/product"}],"replies":[{"embeddable":true,"href":"https:\/\/whs.lu\/fr\/wp-json\/wp\/v2\/comments?post=11556"}],"wp:featuredmedia":[{"embeddable":true,"href":"https:\/\/whs.lu\/fr\/wp-json\/wp\/v2\/media\/11432"}],"wp:attachment":[{"href":"https:\/\/whs.lu\/fr\/wp-json\/wp\/v2\/media?parent=11556"}],"wp:term":[{"taxonomy":"product_brand","embeddable":true,"href":"https:\/\/whs.lu\/fr\/wp-json\/wp\/v2\/product_brand?post=11556"},{"taxonomy":"product_cat","embeddable":true,"href":"https:\/\/whs.lu\/fr\/wp-json\/wp\/v2\/product_cat?post=11556"},{"taxonomy":"product_tag","embeddable":true,"href":"https:\/\/whs.lu\/fr\/wp-json\/wp\/v2\/product_tag?post=11556"}],"curies":[{"name":"wp","href":"https:\/\/api.w.org\/{rel}","templated":true}]}}