{"id":11558,"date":"2025-01-20T12:19:05","date_gmt":"2025-01-20T11:19:05","guid":{"rendered":"https:\/\/whs.lu\/product\/rowenta-cv888lfo-seche-cheveux\/"},"modified":"2025-01-20T12:19:05","modified_gmt":"2025-01-20T11:19:05","slug":"rowenta-cv888lfo-seche-cheveux","status":"publish","type":"product","link":"https:\/\/whs.lu\/fr\/product\/rowenta-cv888lfo-seche-cheveux\/","title":{"rendered":"ROWENTA CV888LFO S\u00e8che-cheveux"},"content":{"rendered":"","protected":false},"excerpt":{"rendered":"<ul>\n<li>&#8211; Puissant moteur AC 2200 watts qui assure un s\u00e9chage rapide et efficace.<\/li>\n<li>&#8211; Deux types d&#8217;embouts : un diffuseur et une buse de coiffage.<\/li>\n<li>&#8211; Il est disponible en rouge et en noir et se distingue par son design \u00e9l\u00e9gant.<\/li>\n<li>&#8211; Le mode froid permet de fixer la coiffure et de pr\u00e9server les cheveux.<\/li>\n<li>&#8211; Le s\u00e8che-cheveux est un produit de haute qualit\u00e9, sp\u00e9cialement con\u00e7u pour les utilisateurs exigeants.<\/li>\n<\/ul>\n","protected":false},"featured_media":11416,"comment_status":"open","ping_status":"closed","template":"","meta":{"_et_pb_use_builder":"","_et_pb_old_content":"","_et_gb_content_width":"","inline_featured_image":false},"product_brand":[],"product_cat":[77],"product_tag":[],"class_list":{"0":"post-11558","1":"product","2":"type-product","3":"status-publish","4":"has-post-thumbnail","6":"product_cat-hygiene-fr","8":"first","9":"instock","10":"taxable","11":"shipping-taxable","12":"purchasable","13":"product-type-simple"},"_links":{"self":[{"href":"https:\/\/whs.lu\/fr\/wp-json\/wp\/v2\/product\/11558","targetHints":{"allow":["GET"]}}],"collection":[{"href":"https:\/\/whs.lu\/fr\/wp-json\/wp\/v2\/product"}],"about":[{"href":"https:\/\/whs.lu\/fr\/wp-json\/wp\/v2\/types\/product"}],"replies":[{"embeddable":true,"href":"https:\/\/whs.lu\/fr\/wp-json\/wp\/v2\/comments?post=11558"}],"wp:featuredmedia":[{"embeddable":true,"href":"https:\/\/whs.lu\/fr\/wp-json\/wp\/v2\/media\/11416"}],"wp:attachment":[{"href":"https:\/\/whs.lu\/fr\/wp-json\/wp\/v2\/media?parent=11558"}],"wp:term":[{"taxonomy":"product_brand","embeddable":true,"href":"https:\/\/whs.lu\/fr\/wp-json\/wp\/v2\/product_brand?post=11558"},{"taxonomy":"product_cat","embeddable":true,"href":"https:\/\/whs.lu\/fr\/wp-json\/wp\/v2\/product_cat?post=11558"},{"taxonomy":"product_tag","embeddable":true,"href":"https:\/\/whs.lu\/fr\/wp-json\/wp\/v2\/product_tag?post=11558"}],"curies":[{"name":"wp","href":"https:\/\/api.w.org\/{rel}","templated":true}]}}